{"id":130,"date":"2025-04-09T17:22:25","date_gmt":"2025-04-09T17:22:25","guid":{"rendered":"https:\/\/leo-berry.com\/?page_id=130"},"modified":"2025-04-10T10:22:40","modified_gmt":"2025-04-10T10:22:40","slug":"habitat-populaire","status":"publish","type":"page","link":"https:\/\/leo-berry.com\/en\/habitat-populaire\/","title":{"rendered":"Popular housing"},"content":{"rendered":"<div data-elementor-type=\"wp-page\" data-elementor-id=\"130\" class=\"elementor elementor-130\">\n\t\t\t\t<div class=\"elementor-element elementor-element-0bd552f e-con-full e-flex e-con e-parent\" data-id=\"0bd552f\" data-element_type=\"container\" data-e-type=\"container\" data-settings=\"{&quot;background_background&quot;:&quot;classic&quot;}\">\n\t\t\t\t<div class=\"elementor-element elementor-element-7c9e770 elementor-widget elementor-widget-heading\" data-id=\"7c9e770\" data-element_type=\"widget\" data-e-type=\"widget\" data-widget_type=\"heading.default\">\n\t\t\t\t<div class=\"elementor-widget-container\">\n\t\t\t\t\t<h2 class=\"elementor-heading-title elementor-size-default\">habitat populaire<\/h2>\t\t\t\t<\/div>\n\t\t\t\t<\/div>\n\t\t\t\t<\/div>\n\t\t<div class=\"elementor-element elementor-element-2377ccf e-flex e-con-boxed e-con e-parent\" data-id=\"2377ccf\" data-element_type=\"container\" data-e-type=\"container\">\n\t\t\t\t\t<div class=\"e-con-inner\">\n\t\t<div class=\"elementor-element elementor-element-d04dd42 e-con-full e-flex e-con e-child\" data-id=\"d04dd42\" data-element_type=\"container\" data-e-type=\"container\">\n\t\t\t\t<div class=\"elementor-element elementor-element-9646a67 elementor-widget elementor-widget-image\" data-id=\"9646a67\" data-element_type=\"widget\" data-e-type=\"widget\" data-widget_type=\"image.default\">\n\t\t\t\t<div class=\"elementor-widget-container\">\n\t\t\t\t\t\t\t\t\t\t\t\t\t\t\t<img fetchpriority=\"high\" decoding=\"async\" width=\"1200\" height=\"1600\" src=\"https:\/\/leo-berry.com\/wp-content\/uploads\/2025\/04\/dehors-1-3.jpg\" class=\"attachment-full size-full wp-image-295\" alt=\"\" srcset=\"https:\/\/leo-berry.com\/wp-content\/uploads\/2025\/04\/dehors-1-3.jpg 1200w, https:\/\/leo-berry.com\/wp-content\/uploads\/2025\/04\/dehors-1-3-225x300.jpg 225w, https:\/\/leo-berry.com\/wp-content\/uploads\/2025\/04\/dehors-1-3-768x1024.jpg 768w, https:\/\/leo-berry.com\/wp-content\/uploads\/2025\/04\/dehors-1-3-1152x1536.jpg 1152w\" sizes=\"(max-width: 1200px) 100vw, 1200px\" \/>\t\t\t\t\t\t\t\t\t\t\t\t\t\t\t<\/div>\n\t\t\t\t<\/div>\n\t\t\t\t<\/div>\n\t\t<div class=\"elementor-element elementor-element-3269d13 e-con-full text-project e-flex e-con e-child\" data-id=\"3269d13\" data-element_type=\"container\" data-e-type=\"container\">\n\t\t\t\t<div class=\"elementor-element elementor-element-7418ecf elementor-widget elementor-widget-text-editor\" data-id=\"7418ecf\" data-element_type=\"widget\" data-e-type=\"widget\" data-widget_type=\"text-editor.default\">\n\t\t\t\t<div class=\"elementor-widget-container\">\n\t\t\t\t\t\t\t\t\t<p>&nbsp; &nbsp;Cette maison a \u00e9t\u00e9 pens\u00e9e comme un lieu accessible, chaleureux et durable. Construite en grande partie en auto-construction, elle est le r\u00e9sultat d\u2019un travail collectif, o\u00f9 famille, amis et proches ont particip\u00e9 \u00e0 chaque \u00e9tape du chantier. Ce mode de construction a guid\u00e9 de nombreux choix, avec une attention particuli\u00e8re port\u00e9e aux mat\u00e9riaux &#8211; bois local, isolation biosourc\u00e9, r\u00e9emploi &#8211; et \u00e0 la mani\u00e8re de les mettre en \u0153uvre.<\/p>\n<p>Plut\u00f4t qu\u2019un geste architectural fort, le projet cherche \u00e0 trouver sa place dans le paysage, \u00e0 s\u2019ajuster aux usages quotidiens et \u00e0 proposer des espaces simples mais bien pens\u00e9s : des volumes ouverts, des seuils marqu\u00e9s, des pi\u00e8ces traversantes et lumineuses.<\/p>\n<p>Loin de chercher la perfection, cette maison explore une autre mani\u00e8re de faire : plus lente, plus collective, plus ancr\u00e9e dans son contexte. Elle refl\u00e8te un d\u00e9sir d\u2019habiter autrement, en lien avec les ressources locales, les gens autour et les besoins r\u00e9els.<\/p>\n<p><\/p>\n<p>Budget : 130 000e<\/p>\n<p>Dur\u00e9e du chantier : 5mois<\/p>\n<p>Ann\u00e9e : 2024<\/p>\t\t\t\t\t\t\t\t<\/div>\n\t\t\t\t<\/div>\n\t\t\t\t<\/div>\n\t\t\t\t\t<\/div>\n\t\t\t\t<\/div>\n\t\t<div class=\"elementor-element elementor-element-87f4ea2 e-flex e-con-boxed e-con e-parent\" data-id=\"87f4ea2\" data-element_type=\"container\" data-e-type=\"container\">\n\t\t\t\t\t<div class=\"e-con-inner\">\n\t\t\t\t<div class=\"elementor-element elementor-element-b6ae2dc elementor-widget elementor-widget-image\" data-id=\"b6ae2dc\" data-element_type=\"widget\" data-e-type=\"widget\" data-widget_type=\"image.default\">\n\t\t\t\t<div class=\"elementor-widget-container\">\n\t\t\t\t\t\t\t\t\t\t\t\t\t\t\t<img decoding=\"async\" width=\"1920\" height=\"1357\" src=\"https:\/\/leo-berry.com\/wp-content\/uploads\/2025\/04\/Coupe-Terrain-A3-1.100.jpg\" class=\"attachment-full size-full wp-image-289\" alt=\"\" srcset=\"https:\/\/leo-berry.com\/wp-content\/uploads\/2025\/04\/Coupe-Terrain-A3-1.100.jpg 1920w, https:\/\/leo-berry.com\/wp-content\/uploads\/2025\/04\/Coupe-Terrain-A3-1.100-300x212.jpg 300w, https:\/\/leo-berry.com\/wp-content\/uploads\/2025\/04\/Coupe-Terrain-A3-1.100-1024x724.jpg 1024w, https:\/\/leo-berry.com\/wp-content\/uploads\/2025\/04\/Coupe-Terrain-A3-1.100-768x543.jpg 768w, https:\/\/leo-berry.com\/wp-content\/uploads\/2025\/04\/Coupe-Terrain-A3-1.100-1536x1086.jpg 1536w\" sizes=\"(max-width: 1920px) 100vw, 1920px\" \/>\t\t\t\t\t\t\t\t\t\t\t\t\t\t\t<\/div>\n\t\t\t\t<\/div>\n\t\t\t\t<div class=\"elementor-element elementor-element-e74c0c2 elementor-widget elementor-widget-image\" data-id=\"e74c0c2\" data-element_type=\"widget\" data-e-type=\"widget\" data-widget_type=\"image.default\">\n\t\t\t\t<div class=\"elementor-widget-container\">\n\t\t\t\t\t\t\t\t\t\t\t\t\t\t\t<img decoding=\"async\" width=\"1920\" height=\"1357\" src=\"https:\/\/leo-berry.com\/wp-content\/uploads\/2025\/04\/Facade-Nord.jpg\" class=\"attachment-full size-full wp-image-291\" alt=\"\" srcset=\"https:\/\/leo-berry.com\/wp-content\/uploads\/2025\/04\/Facade-Nord.jpg 1920w, https:\/\/leo-berry.com\/wp-content\/uploads\/2025\/04\/Facade-Nord-300x212.jpg 300w, https:\/\/leo-berry.com\/wp-content\/uploads\/2025\/04\/Facade-Nord-1024x724.jpg 1024w, https:\/\/leo-berry.com\/wp-content\/uploads\/2025\/04\/Facade-Nord-768x543.jpg 768w, https:\/\/leo-berry.com\/wp-content\/uploads\/2025\/04\/Facade-Nord-1536x1086.jpg 1536w\" sizes=\"(max-width: 1920px) 100vw, 1920px\" \/>\t\t\t\t\t\t\t\t\t\t\t\t\t\t\t<\/div>\n\t\t\t\t<\/div>\n\t\t\t\t<div class=\"elementor-element elementor-element-104ef9b elementor-widget elementor-widget-image\" data-id=\"104ef9b\" data-element_type=\"widget\" data-e-type=\"widget\" data-widget_type=\"image.default\">\n\t\t\t\t<div class=\"elementor-widget-container\">\n\t\t\t\t\t\t\t\t\t\t\t\t\t\t\t<img loading=\"lazy\" decoding=\"async\" width=\"1920\" height=\"1357\" src=\"https:\/\/leo-berry.com\/wp-content\/uploads\/2025\/04\/Facade-Est.jpg\" class=\"attachment-full size-full wp-image-290\" alt=\"\" srcset=\"https:\/\/leo-berry.com\/wp-content\/uploads\/2025\/04\/Facade-Est.jpg 1920w, https:\/\/leo-berry.com\/wp-content\/uploads\/2025\/04\/Facade-Est-300x212.jpg 300w, https:\/\/leo-berry.com\/wp-content\/uploads\/2025\/04\/Facade-Est-1024x724.jpg 1024w, https:\/\/leo-berry.com\/wp-content\/uploads\/2025\/04\/Facade-Est-768x543.jpg 768w, https:\/\/leo-berry.com\/wp-content\/uploads\/2025\/04\/Facade-Est-1536x1086.jpg 1536w\" sizes=\"(max-width: 1920px) 100vw, 1920px\" \/>\t\t\t\t\t\t\t\t\t\t\t\t\t\t\t<\/div>\n\t\t\t\t<\/div>\n\t\t\t\t<div class=\"elementor-element elementor-element-a58480f elementor-widget elementor-widget-image\" data-id=\"a58480f\" data-element_type=\"widget\" data-e-type=\"widget\" data-widget_type=\"image.default\">\n\t\t\t\t<div class=\"elementor-widget-container\">\n\t\t\t\t\t\t\t\t\t\t\t\t\t\t\t<img loading=\"lazy\" decoding=\"async\" width=\"1920\" height=\"1357\" src=\"https:\/\/leo-berry.com\/wp-content\/uploads\/2025\/04\/Facade-Sud.jpg\" class=\"attachment-full size-full wp-image-293\" alt=\"\" srcset=\"https:\/\/leo-berry.com\/wp-content\/uploads\/2025\/04\/Facade-Sud.jpg 1920w, https:\/\/leo-berry.com\/wp-content\/uploads\/2025\/04\/Facade-Sud-300x212.jpg 300w, https:\/\/leo-berry.com\/wp-content\/uploads\/2025\/04\/Facade-Sud-1024x724.jpg 1024w, https:\/\/leo-berry.com\/wp-content\/uploads\/2025\/04\/Facade-Sud-768x543.jpg 768w, https:\/\/leo-berry.com\/wp-content\/uploads\/2025\/04\/Facade-Sud-1536x1086.jpg 1536w\" sizes=\"(max-width: 1920px) 100vw, 1920px\" \/>\t\t\t\t\t\t\t\t\t\t\t\t\t\t\t<\/div>\n\t\t\t\t<\/div>\n\t\t\t\t<div class=\"elementor-element elementor-element-b047139 elementor-widget elementor-widget-image\" data-id=\"b047139\" data-element_type=\"widget\" data-e-type=\"widget\" data-widget_type=\"image.default\">\n\t\t\t\t<div class=\"elementor-widget-container\">\n\t\t\t\t\t\t\t\t\t\t\t\t\t\t\t<img loading=\"lazy\" decoding=\"async\" width=\"1920\" height=\"1357\" src=\"https:\/\/leo-berry.com\/wp-content\/uploads\/2025\/04\/Facade-ouest.jpg\" class=\"attachment-full size-full wp-image-292\" alt=\"\" srcset=\"https:\/\/leo-berry.com\/wp-content\/uploads\/2025\/04\/Facade-ouest.jpg 1920w, https:\/\/leo-berry.com\/wp-content\/uploads\/2025\/04\/Facade-ouest-300x212.jpg 300w, https:\/\/leo-berry.com\/wp-content\/uploads\/2025\/04\/Facade-ouest-1024x724.jpg 1024w, https:\/\/leo-berry.com\/wp-content\/uploads\/2025\/04\/Facade-ouest-768x543.jpg 768w, https:\/\/leo-berry.com\/wp-content\/uploads\/2025\/04\/Facade-ouest-1536x1086.jpg 1536w\" sizes=\"(max-width: 1920px) 100vw, 1920px\" \/>\t\t\t\t\t\t\t\t\t\t\t\t\t\t\t<\/div>\n\t\t\t\t<\/div>\n\t\t\t\t<div class=\"elementor-element elementor-element-f20fcd0 elementor-widget elementor-widget-image\" data-id=\"f20fcd0\" data-element_type=\"widget\" data-e-type=\"widget\" data-widget_type=\"image.default\">\n\t\t\t\t<div class=\"elementor-widget-container\">\n\t\t\t\t\t\t\t\t\t\t\t\t\t\t\t<img loading=\"lazy\" decoding=\"async\" width=\"1536\" height=\"2048\" src=\"https:\/\/leo-berry.com\/wp-content\/uploads\/2025\/04\/IMG_7061.jpeg\" class=\"attachment-full size-full wp-image-278\" alt=\"\" srcset=\"https:\/\/leo-berry.com\/wp-content\/uploads\/2025\/04\/IMG_7061.jpeg 1536w, https:\/\/leo-berry.com\/wp-content\/uploads\/2025\/04\/IMG_7061-225x300.jpeg 225w, https:\/\/leo-berry.com\/wp-content\/uploads\/2025\/04\/IMG_7061-768x1024.jpeg 768w, https:\/\/leo-berry.com\/wp-content\/uploads\/2025\/04\/IMG_7061-1152x1536.jpeg 1152w\" sizes=\"(max-width: 1536px) 100vw, 1536px\" \/>\t\t\t\t\t\t\t\t\t\t\t\t\t\t\t<\/div>\n\t\t\t\t<\/div>\n\t\t\t\t<div class=\"elementor-element elementor-element-ca2774f elementor-widget elementor-widget-image\" data-id=\"ca2774f\" data-element_type=\"widget\" data-e-type=\"widget\" data-widget_type=\"image.default\">\n\t\t\t\t<div class=\"elementor-widget-container\">\n\t\t\t\t\t\t\t\t\t\t\t\t\t\t\t<img loading=\"lazy\" decoding=\"async\" width=\"2048\" height=\"1536\" src=\"https:\/\/leo-berry.com\/wp-content\/uploads\/2025\/04\/IMG_6602.jpeg\" class=\"attachment-full size-full wp-image-273\" alt=\"\" srcset=\"https:\/\/leo-berry.com\/wp-content\/uploads\/2025\/04\/IMG_6602.jpeg 2048w, https:\/\/leo-berry.com\/wp-content\/uploads\/2025\/04\/IMG_6602-300x225.jpeg 300w, https:\/\/leo-berry.com\/wp-content\/uploads\/2025\/04\/IMG_6602-1024x768.jpeg 1024w, https:\/\/leo-berry.com\/wp-content\/uploads\/2025\/04\/IMG_6602-768x576.jpeg 768w, https:\/\/leo-berry.com\/wp-content\/uploads\/2025\/04\/IMG_6602-1536x1152.jpeg 1536w\" sizes=\"(max-width: 2048px) 100vw, 2048px\" \/>\t\t\t\t\t\t\t\t\t\t\t\t\t\t\t<\/div>\n\t\t\t\t<\/div>\n\t\t\t\t<div class=\"elementor-element elementor-element-c61971a elementor-widget elementor-widget-image\" data-id=\"c61971a\" data-element_type=\"widget\" data-e-type=\"widget\" data-widget_type=\"image.default\">\n\t\t\t\t<div class=\"elementor-widget-container\">\n\t\t\t\t\t\t\t\t\t\t\t\t\t\t\t<img loading=\"lazy\" decoding=\"async\" width=\"1536\" height=\"2048\" src=\"https:\/\/leo-berry.com\/wp-content\/uploads\/2025\/04\/IMG_6601.jpeg\" class=\"attachment-full size-full wp-image-272\" alt=\"\" srcset=\"https:\/\/leo-berry.com\/wp-content\/uploads\/2025\/04\/IMG_6601.jpeg 1536w, https:\/\/leo-berry.com\/wp-content\/uploads\/2025\/04\/IMG_6601-225x300.jpeg 225w, https:\/\/leo-berry.com\/wp-content\/uploads\/2025\/04\/IMG_6601-768x1024.jpeg 768w, https:\/\/leo-berry.com\/wp-content\/uploads\/2025\/04\/IMG_6601-1152x1536.jpeg 1152w\" sizes=\"(max-width: 1536px) 100vw, 1536px\" \/>\t\t\t\t\t\t\t\t\t\t\t\t\t\t\t<\/div>\n\t\t\t\t<\/div>\n\t\t\t\t<div class=\"elementor-element elementor-element-70042a8 elementor-widget elementor-widget-image\" data-id=\"70042a8\" data-element_type=\"widget\" data-e-type=\"widget\" data-widget_type=\"image.default\">\n\t\t\t\t<div class=\"elementor-widget-container\">\n\t\t\t\t\t\t\t\t\t\t\t\t\t\t\t<img loading=\"lazy\" decoding=\"async\" width=\"2048\" height=\"1536\" src=\"https:\/\/leo-berry.com\/wp-content\/uploads\/2025\/04\/IMG_7294.jpeg\" class=\"attachment-full size-full wp-image-282\" alt=\"\" srcset=\"https:\/\/leo-berry.com\/wp-content\/uploads\/2025\/04\/IMG_7294.jpeg 2048w, https:\/\/leo-berry.com\/wp-content\/uploads\/2025\/04\/IMG_7294-300x225.jpeg 300w, https:\/\/leo-berry.com\/wp-content\/uploads\/2025\/04\/IMG_7294-1024x768.jpeg 1024w, https:\/\/leo-berry.com\/wp-content\/uploads\/2025\/04\/IMG_7294-768x576.jpeg 768w, https:\/\/leo-berry.com\/wp-content\/uploads\/2025\/04\/IMG_7294-1536x1152.jpeg 1536w\" sizes=\"(max-width: 2048px) 100vw, 2048px\" \/>\t\t\t\t\t\t\t\t\t\t\t\t\t\t\t<\/div>\n\t\t\t\t<\/div>\n\t\t\t\t<div class=\"elementor-element elementor-element-321c1d1 elementor-widget elementor-widget-image\" data-id=\"321c1d1\" data-element_type=\"widget\" data-e-type=\"widget\" data-widget_type=\"image.default\">\n\t\t\t\t<div class=\"elementor-widget-container\">\n\t\t\t\t\t\t\t\t\t\t\t\t\t\t\t<img loading=\"lazy\" decoding=\"async\" width=\"1536\" height=\"2048\" src=\"https:\/\/leo-berry.com\/wp-content\/uploads\/2025\/04\/IMG_7299.jpeg\" class=\"attachment-full size-full wp-image-286\" alt=\"\" srcset=\"https:\/\/leo-berry.com\/wp-content\/uploads\/2025\/04\/IMG_7299.jpeg 1536w, https:\/\/leo-berry.com\/wp-content\/uploads\/2025\/04\/IMG_7299-225x300.jpeg 225w, https:\/\/leo-berry.com\/wp-content\/uploads\/2025\/04\/IMG_7299-768x1024.jpeg 768w, https:\/\/leo-berry.com\/wp-content\/uploads\/2025\/04\/IMG_7299-1152x1536.jpeg 1152w\" sizes=\"(max-width: 1536px) 100vw, 1536px\" \/>\t\t\t\t\t\t\t\t\t\t\t\t\t\t\t<\/div>\n\t\t\t\t<\/div>\n\t\t\t\t<div class=\"elementor-element elementor-element-4f6e862 elementor-widget elementor-widget-image\" data-id=\"4f6e862\" data-element_type=\"widget\" data-e-type=\"widget\" data-widget_type=\"image.default\">\n\t\t\t\t<div class=\"elementor-widget-container\">\n\t\t\t\t\t\t\t\t\t\t\t\t\t\t\t<img loading=\"lazy\" decoding=\"async\" width=\"1536\" height=\"2048\" src=\"https:\/\/leo-berry.com\/wp-content\/uploads\/2025\/04\/IMG_7295.jpeg\" class=\"attachment-full size-full wp-image-283\" alt=\"\" srcset=\"https:\/\/leo-berry.com\/wp-content\/uploads\/2025\/04\/IMG_7295.jpeg 1536w, https:\/\/leo-berry.com\/wp-content\/uploads\/2025\/04\/IMG_7295-225x300.jpeg 225w, https:\/\/leo-berry.com\/wp-content\/uploads\/2025\/04\/IMG_7295-768x1024.jpeg 768w, https:\/\/leo-berry.com\/wp-content\/uploads\/2025\/04\/IMG_7295-1152x1536.jpeg 1152w\" sizes=\"(max-width: 1536px) 100vw, 1536px\" \/>\t\t\t\t\t\t\t\t\t\t\t\t\t\t\t<\/div>\n\t\t\t\t<\/div>\n\t\t\t\t<div class=\"elementor-element elementor-element-a912946 elementor-widget elementor-widget-image\" data-id=\"a912946\" data-element_type=\"widget\" data-e-type=\"widget\" data-widget_type=\"image.default\">\n\t\t\t\t<div class=\"elementor-widget-container\">\n\t\t\t\t\t\t\t\t\t\t\t\t\t\t\t<img loading=\"lazy\" decoding=\"async\" width=\"1536\" height=\"2048\" src=\"https:\/\/leo-berry.com\/wp-content\/uploads\/2025\/04\/IMG_7184.jpeg\" class=\"attachment-full size-full wp-image-281\" alt=\"\" srcset=\"https:\/\/leo-berry.com\/wp-content\/uploads\/2025\/04\/IMG_7184.jpeg 1536w, https:\/\/leo-berry.com\/wp-content\/uploads\/2025\/04\/IMG_7184-225x300.jpeg 225w, https:\/\/leo-berry.com\/wp-content\/uploads\/2025\/04\/IMG_7184-768x1024.jpeg 768w, https:\/\/leo-berry.com\/wp-content\/uploads\/2025\/04\/IMG_7184-1152x1536.jpeg 1152w\" sizes=\"(max-width: 1536px) 100vw, 1536px\" \/>\t\t\t\t\t\t\t\t\t\t\t\t\t\t\t<\/div>\n\t\t\t\t<\/div>\n\t\t\t\t<div class=\"elementor-element elementor-element-a14034b elementor-widget elementor-widget-image\" data-id=\"a14034b\" data-element_type=\"widget\" data-e-type=\"widget\" data-widget_type=\"image.default\">\n\t\t\t\t<div class=\"elementor-widget-container\">\n\t\t\t\t\t\t\t\t\t\t\t\t\t\t\t<img loading=\"lazy\" decoding=\"async\" width=\"1536\" height=\"2048\" src=\"https:\/\/leo-berry.com\/wp-content\/uploads\/2025\/04\/IMG_7181.jpeg\" class=\"attachment-full size-full wp-image-279\" alt=\"\" srcset=\"https:\/\/leo-berry.com\/wp-content\/uploads\/2025\/04\/IMG_7181.jpeg 1536w, https:\/\/leo-berry.com\/wp-content\/uploads\/2025\/04\/IMG_7181-225x300.jpeg 225w, https:\/\/leo-berry.com\/wp-content\/uploads\/2025\/04\/IMG_7181-768x1024.jpeg 768w, https:\/\/leo-berry.com\/wp-content\/uploads\/2025\/04\/IMG_7181-1152x1536.jpeg 1152w\" sizes=\"(max-width: 1536px) 100vw, 1536px\" \/>\t\t\t\t\t\t\t\t\t\t\t\t\t\t\t<\/div>\n\t\t\t\t<\/div>\n\t\t\t\t<div class=\"elementor-element elementor-element-206b4de elementor-widget elementor-widget-image\" data-id=\"206b4de\" data-element_type=\"widget\" data-e-type=\"widget\" data-widget_type=\"image.default\">\n\t\t\t\t<div class=\"elementor-widget-container\">\n\t\t\t\t\t\t\t\t\t\t\t\t\t\t\t<img loading=\"lazy\" decoding=\"async\" width=\"1536\" height=\"2048\" src=\"https:\/\/leo-berry.com\/wp-content\/uploads\/2025\/04\/IMG_7304.jpeg\" class=\"attachment-full size-full wp-image-288\" alt=\"\" srcset=\"https:\/\/leo-berry.com\/wp-content\/uploads\/2025\/04\/IMG_7304.jpeg 1536w, https:\/\/leo-berry.com\/wp-content\/uploads\/2025\/04\/IMG_7304-225x300.jpeg 225w, https:\/\/leo-berry.com\/wp-content\/uploads\/2025\/04\/IMG_7304-768x1024.jpeg 768w, https:\/\/leo-berry.com\/wp-content\/uploads\/2025\/04\/IMG_7304-1152x1536.jpeg 1152w\" sizes=\"(max-width: 1536px) 100vw, 1536px\" \/>\t\t\t\t\t\t\t\t\t\t\t\t\t\t\t<\/div>\n\t\t\t\t<\/div>\n\t\t\t\t\t<\/div>\n\t\t\t\t<\/div>\n\t\t\t\t<\/div>","protected":false},"excerpt":{"rendered":"<p>habitat populaire &nbsp; &nbsp;Cette maison a \u00e9t\u00e9 pens\u00e9e comme un lieu accessible, chaleureux et durable. Construite en grande partie en auto-construction, elle est le r\u00e9sultat d\u2019un travail collectif, o\u00f9 famille, amis et proches ont particip\u00e9 \u00e0 chaque \u00e9tape du chantier. Ce mode de construction a guid\u00e9 de nombreux choix, avec une attention particuli\u00e8re port\u00e9e aux&hellip;&nbsp;<a href=\"https:\/\/leo-berry.com\/en\/habitat-populaire\/\" rel=\"bookmark\">Read More &raquo;<span class=\"screen-reader-text\">Popular housing<\/span><\/a><\/p>","protected":false},"author":1,"featured_media":0,"parent":0,"menu_order":0,"comment_status":"closed","ping_status":"closed","template":"page-templates\/template-pagebuilder-full-width.php","meta":{"neve_meta_sidebar":"","neve_meta_container":"","neve_meta_enable_content_width":"","neve_meta_content_width":0,"neve_meta_title_alignment":"","neve_meta_author_avatar":"","neve_post_elements_order":"","neve_meta_disable_header":"","neve_meta_disable_footer":"","neve_meta_disable_title":"","footnotes":""},"class_list":["post-130","page","type-page","status-publish","hentry"],"_links":{"self":[{"href":"https:\/\/leo-berry.com\/en\/wp-json\/wp\/v2\/pages\/130","targetHints":{"allow":["GET"]}}],"collection":[{"href":"https:\/\/leo-berry.com\/en\/wp-json\/wp\/v2\/pages"}],"about":[{"href":"https:\/\/leo-berry.com\/en\/wp-json\/wp\/v2\/types\/page"}],"author":[{"embeddable":true,"href":"https:\/\/leo-berry.com\/en\/wp-json\/wp\/v2\/users\/1"}],"replies":[{"embeddable":true,"href":"https:\/\/leo-berry.com\/en\/wp-json\/wp\/v2\/comments?post=130"}],"version-history":[{"count":56,"href":"https:\/\/leo-berry.com\/en\/wp-json\/wp\/v2\/pages\/130\/revisions"}],"predecessor-version":[{"id":380,"href":"https:\/\/leo-berry.com\/en\/wp-json\/wp\/v2\/pages\/130\/revisions\/380"}],"wp:attachment":[{"href":"https:\/\/leo-berry.com\/en\/wp-json\/wp\/v2\/media?parent=130"}],"curies":[{"name":"wp","href":"https:\/\/api.w.org\/{rel}","templated":true}]}}