{"id":334,"date":"2025-04-10T09:22:27","date_gmt":"2025-04-10T09:22:27","guid":{"rendered":"https:\/\/leo-berry.com\/?page_id=334"},"modified":"2025-04-14T08:08:04","modified_gmt":"2025-04-14T08:08:04","slug":"experimentations","status":"publish","type":"page","link":"https:\/\/leo-berry.com\/en\/experimentations\/","title":{"rendered":"Experiments"},"content":{"rendered":"<div data-elementor-type=\"wp-page\" data-elementor-id=\"334\" class=\"elementor elementor-334\">\n\t\t\t\t<div class=\"elementor-element elementor-element-0bd552f e-con-full e-flex e-con e-parent\" data-id=\"0bd552f\" data-element_type=\"container\" data-e-type=\"container\" data-settings=\"{&quot;background_background&quot;:&quot;classic&quot;}\">\n\t\t\t\t<div class=\"elementor-element elementor-element-7c9e770 elementor-widget elementor-widget-heading\" data-id=\"7c9e770\" data-element_type=\"widget\" data-e-type=\"widget\" data-widget_type=\"heading.default\">\n\t\t\t\t<div class=\"elementor-widget-container\">\n\t\t\t\t\t<h2 class=\"elementor-heading-title elementor-size-default\">experiments<\/h2>\t\t\t\t<\/div>\n\t\t\t\t<\/div>\n\t\t\t\t<\/div>\n\t\t<div class=\"elementor-element elementor-element-2377ccf e-flex e-con-boxed e-con e-parent\" data-id=\"2377ccf\" data-element_type=\"container\" data-e-type=\"container\">\n\t\t\t\t\t<div class=\"e-con-inner\">\n\t\t<div class=\"elementor-element elementor-element-d04dd42 e-con-full e-flex e-con e-child\" data-id=\"d04dd42\" data-element_type=\"container\" data-e-type=\"container\">\n\t\t\t\t<div class=\"elementor-element elementor-element-9646a67 elementor-widget elementor-widget-image\" data-id=\"9646a67\" data-element_type=\"widget\" data-e-type=\"widget\" data-widget_type=\"image.default\">\n\t\t\t\t<div class=\"elementor-widget-container\">\n\t\t\t\t\t\t\t\t\t\t\t\t\t\t\t<img fetchpriority=\"high\" decoding=\"async\" width=\"1920\" height=\"2560\" src=\"https:\/\/leo-berry.com\/wp-content\/uploads\/2025\/04\/IMG_0430.jpg\" class=\"attachment-full size-full wp-image-346\" alt=\"\" srcset=\"https:\/\/leo-berry.com\/wp-content\/uploads\/2025\/04\/IMG_0430.jpg 1920w, https:\/\/leo-berry.com\/wp-content\/uploads\/2025\/04\/IMG_0430-225x300.jpg 225w, https:\/\/leo-berry.com\/wp-content\/uploads\/2025\/04\/IMG_0430-768x1024.jpg 768w, https:\/\/leo-berry.com\/wp-content\/uploads\/2025\/04\/IMG_0430-1152x1536.jpg 1152w, https:\/\/leo-berry.com\/wp-content\/uploads\/2025\/04\/IMG_0430-1536x2048.jpg 1536w\" sizes=\"(max-width: 1920px) 100vw, 1920px\" \/>\t\t\t\t\t\t\t\t\t\t\t\t\t\t\t<\/div>\n\t\t\t\t<\/div>\n\t\t\t\t<\/div>\n\t\t<div class=\"elementor-element elementor-element-3269d13 e-con-full text-project e-flex e-con e-child\" data-id=\"3269d13\" data-element_type=\"container\" data-e-type=\"container\">\n\t\t\t\t<div class=\"elementor-element elementor-element-7418ecf elementor-widget elementor-widget-text-editor\" data-id=\"7418ecf\" data-element_type=\"widget\" data-e-type=\"widget\" data-widget_type=\"text-editor.default\">\n\t\t\t\t<div class=\"elementor-widget-container\">\n\t\t\t\t\t\t\t\t\t<p>\u00a0 \u00a0Au fil de mes exp\u00e9riences professionnelles, j\u2019ai d\u00e9velopp\u00e9 une connaissance pratique du chantier en m\u2019impliquant dans diff\u00e9rents corps d\u2019\u00e9tat. J\u2019ai notamment travaill\u00e9 aux c\u00f4t\u00e9s de charpentiers, ma\u00e7ons, menuisiers, echafaudeur et n\u00e9gociateur mat\u00e9riaux, ce qui m\u2019a permis d\u2019acqu\u00e9rir des bases solides dans la mise en \u0153uvre, la lecture des contraintes techniques et le fonctionnement global d\u2019un projet de construction. Ces exp\u00e9riences, toujours tr\u00e8s concr\u00e8tes, m\u2019ont apport\u00e9 une compr\u00e9hension du b\u00e2timent qui d\u00e9passe la seule conception et m\u2019ont permis d\u2019appr\u00e9hender les r\u00e9alit\u00e9s du terrain.<\/p><p>Parall\u00e8lement, je m\u2019int\u00e9resse de plus en plus aux mat\u00e9riaux naturels et aux techniques de construction li\u00e9es au patrimoine rural, en particulier la terre crue. \u00c0 travers plusieurs chantiers participatifs, j\u2019ai pu exp\u00e9rimenter le pis\u00e9, les enduits terre-paille, ou encore les badigeons \u00e0 la chaux. Ces moments ont renforc\u00e9 mon envie de mieux comprendre les savoir-faire vernaculaires, en lien avec les sp\u00e9cificit\u00e9s d\u2019un territoire, de ses ressources et de ses usages.<\/p><p>Sans pr\u00e9tendre au statut d\u2019artisan, ces exp\u00e9riences constituent pour moi une base pr\u00e9cieuse, qui enrichit ma posture d\u2019architecte et m\u2019aide \u00e0 penser des projets plus ancr\u00e9s, sobres et adapt\u00e9s aux enjeux contemporains.<\/p>\t\t\t\t\t\t\t\t<\/div>\n\t\t\t\t<\/div>\n\t\t\t\t<\/div>\n\t\t\t\t\t<\/div>\n\t\t\t\t<\/div>\n\t\t<div class=\"elementor-element elementor-element-87f4ea2 e-flex e-con-boxed e-con e-parent\" data-id=\"87f4ea2\" data-element_type=\"container\" data-e-type=\"container\">\n\t\t\t\t\t<div class=\"e-con-inner\">\n\t\t\t\t<div class=\"elementor-element elementor-element-605f8cd elementor-widget elementor-widget-image\" data-id=\"605f8cd\" data-element_type=\"widget\" data-e-type=\"widget\" data-widget_type=\"image.default\">\n\t\t\t\t<div class=\"elementor-widget-container\">\n\t\t\t\t\t\t\t\t\t\t\t\t\t\t\t<img decoding=\"async\" width=\"1536\" height=\"2048\" src=\"https:\/\/leo-berry.com\/wp-content\/uploads\/2025\/04\/IMG_2148.jpeg\" class=\"attachment-full size-full wp-image-817\" alt=\"\" srcset=\"https:\/\/leo-berry.com\/wp-content\/uploads\/2025\/04\/IMG_2148.jpeg 1536w, https:\/\/leo-berry.com\/wp-content\/uploads\/2025\/04\/IMG_2148-225x300.jpeg 225w, https:\/\/leo-berry.com\/wp-content\/uploads\/2025\/04\/IMG_2148-768x1024.jpeg 768w, https:\/\/leo-berry.com\/wp-content\/uploads\/2025\/04\/IMG_2148-1152x1536.jpeg 1152w\" sizes=\"(max-width: 1536px) 100vw, 1536px\" \/>\t\t\t\t\t\t\t\t\t\t\t\t\t\t\t<\/div>\n\t\t\t\t<\/div>\n\t\t\t\t<div class=\"elementor-element elementor-element-4c3417a elementor-widget elementor-widget-image\" data-id=\"4c3417a\" data-element_type=\"widget\" data-e-type=\"widget\" data-widget_type=\"image.default\">\n\t\t\t\t<div class=\"elementor-widget-container\">\n\t\t\t\t\t\t\t\t\t\t\t\t\t\t\t<img decoding=\"async\" width=\"1536\" height=\"2048\" src=\"https:\/\/leo-berry.com\/wp-content\/uploads\/2025\/04\/IMG_2150.jpeg\" class=\"attachment-full size-full wp-image-816\" alt=\"\" srcset=\"https:\/\/leo-berry.com\/wp-content\/uploads\/2025\/04\/IMG_2150.jpeg 1536w, https:\/\/leo-berry.com\/wp-content\/uploads\/2025\/04\/IMG_2150-225x300.jpeg 225w, https:\/\/leo-berry.com\/wp-content\/uploads\/2025\/04\/IMG_2150-768x1024.jpeg 768w, https:\/\/leo-berry.com\/wp-content\/uploads\/2025\/04\/IMG_2150-1152x1536.jpeg 1152w\" sizes=\"(max-width: 1536px) 100vw, 1536px\" \/>\t\t\t\t\t\t\t\t\t\t\t\t\t\t\t<\/div>\n\t\t\t\t<\/div>\n\t\t\t\t<div class=\"elementor-element elementor-element-b6ae2dc elementor-widget elementor-widget-image\" data-id=\"b6ae2dc\" data-element_type=\"widget\" data-e-type=\"widget\" data-widget_type=\"image.default\">\n\t\t\t\t<div class=\"elementor-widget-container\">\n\t\t\t\t\t\t\t\t\t\t\t\t\t\t\t<img decoding=\"async\" src=\"https:\/\/leo-berry.com\/wp-content\/uploads\/2025\/04\/20170919_142837.jpg\" title=\"\" alt=\"\" loading=\"lazy\" \/>\t\t\t\t\t\t\t\t\t\t\t\t\t\t\t<\/div>\n\t\t\t\t<\/div>\n\t\t\t\t<div class=\"elementor-element elementor-element-e74c0c2 elementor-widget elementor-widget-image\" data-id=\"e74c0c2\" data-element_type=\"widget\" data-e-type=\"widget\" data-widget_type=\"image.default\">\n\t\t\t\t<div class=\"elementor-widget-container\">\n\t\t\t\t\t\t\t\t\t\t\t\t\t\t\t<img loading=\"lazy\" decoding=\"async\" width=\"1920\" height=\"2560\" src=\"https:\/\/leo-berry.com\/wp-content\/uploads\/2025\/04\/20170919_150131.jpg\" class=\"attachment-full size-full wp-image-341\" alt=\"\" srcset=\"https:\/\/leo-berry.com\/wp-content\/uploads\/2025\/04\/20170919_150131.jpg 1920w, https:\/\/leo-berry.com\/wp-content\/uploads\/2025\/04\/20170919_150131-225x300.jpg 225w, https:\/\/leo-berry.com\/wp-content\/uploads\/2025\/04\/20170919_150131-768x1024.jpg 768w, https:\/\/leo-berry.com\/wp-content\/uploads\/2025\/04\/20170919_150131-1152x1536.jpg 1152w, https:\/\/leo-berry.com\/wp-content\/uploads\/2025\/04\/20170919_150131-1536x2048.jpg 1536w\" sizes=\"(max-width: 1920px) 100vw, 1920px\" \/>\t\t\t\t\t\t\t\t\t\t\t\t\t\t\t<\/div>\n\t\t\t\t<\/div>\n\t\t\t\t<div class=\"elementor-element elementor-element-104ef9b elementor-widget elementor-widget-image\" data-id=\"104ef9b\" data-element_type=\"widget\" data-e-type=\"widget\" data-widget_type=\"image.default\">\n\t\t\t\t<div class=\"elementor-widget-container\">\n\t\t\t\t\t\t\t\t\t\t\t\t\t\t\t<img loading=\"lazy\" decoding=\"async\" width=\"1920\" height=\"938\" src=\"https:\/\/leo-berry.com\/wp-content\/uploads\/2025\/04\/1.jpg\" class=\"attachment-full size-full wp-image-361\" alt=\"\" srcset=\"https:\/\/leo-berry.com\/wp-content\/uploads\/2025\/04\/1.jpg 1920w, https:\/\/leo-berry.com\/wp-content\/uploads\/2025\/04\/1-300x147.jpg 300w, https:\/\/leo-berry.com\/wp-content\/uploads\/2025\/04\/1-1024x500.jpg 1024w, https:\/\/leo-berry.com\/wp-content\/uploads\/2025\/04\/1-768x375.jpg 768w, https:\/\/leo-berry.com\/wp-content\/uploads\/2025\/04\/1-1536x750.jpg 1536w\" sizes=\"(max-width: 1920px) 100vw, 1920px\" \/>\t\t\t\t\t\t\t\t\t\t\t\t\t\t\t<\/div>\n\t\t\t\t<\/div>\n\t\t\t\t<div class=\"elementor-element elementor-element-a58480f elementor-widget elementor-widget-image\" data-id=\"a58480f\" data-element_type=\"widget\" data-e-type=\"widget\" data-widget_type=\"image.default\">\n\t\t\t\t<div class=\"elementor-widget-container\">\n\t\t\t\t\t\t\t\t\t\t\t\t\t\t\t<img loading=\"lazy\" decoding=\"async\" width=\"1920\" height=\"1282\" src=\"https:\/\/leo-berry.com\/wp-content\/uploads\/2025\/04\/5.jpg\" class=\"attachment-full size-full wp-image-363\" alt=\"\" srcset=\"https:\/\/leo-berry.com\/wp-content\/uploads\/2025\/04\/5.jpg 1920w, https:\/\/leo-berry.com\/wp-content\/uploads\/2025\/04\/5-300x200.jpg 300w, https:\/\/leo-berry.com\/wp-content\/uploads\/2025\/04\/5-1024x684.jpg 1024w, https:\/\/leo-berry.com\/wp-content\/uploads\/2025\/04\/5-768x513.jpg 768w, https:\/\/leo-berry.com\/wp-content\/uploads\/2025\/04\/5-1536x1026.jpg 1536w, https:\/\/leo-berry.com\/wp-content\/uploads\/2025\/04\/5-930x620.jpg 930w\" sizes=\"(max-width: 1920px) 100vw, 1920px\" \/>\t\t\t\t\t\t\t\t\t\t\t\t\t\t\t<\/div>\n\t\t\t\t<\/div>\n\t\t\t\t<div class=\"elementor-element elementor-element-b047139 elementor-widget elementor-widget-image\" data-id=\"b047139\" data-element_type=\"widget\" data-e-type=\"widget\" data-widget_type=\"image.default\">\n\t\t\t\t<div class=\"elementor-widget-container\">\n\t\t\t\t\t\t\t\t\t\t\t\t\t\t\t<img loading=\"lazy\" decoding=\"async\" width=\"1920\" height=\"1249\" src=\"https:\/\/leo-berry.com\/wp-content\/uploads\/2025\/04\/6.jpg\" class=\"attachment-full size-full wp-image-364\" alt=\"\" srcset=\"https:\/\/leo-berry.com\/wp-content\/uploads\/2025\/04\/6.jpg 1920w, https:\/\/leo-berry.com\/wp-content\/uploads\/2025\/04\/6-300x195.jpg 300w, https:\/\/leo-berry.com\/wp-content\/uploads\/2025\/04\/6-1024x666.jpg 1024w, https:\/\/leo-berry.com\/wp-content\/uploads\/2025\/04\/6-768x500.jpg 768w, https:\/\/leo-berry.com\/wp-content\/uploads\/2025\/04\/6-1536x999.jpg 1536w\" sizes=\"(max-width: 1920px) 100vw, 1920px\" \/>\t\t\t\t\t\t\t\t\t\t\t\t\t\t\t<\/div>\n\t\t\t\t<\/div>\n\t\t\t\t<div class=\"elementor-element elementor-element-f20fcd0 elementor-widget elementor-widget-image\" data-id=\"f20fcd0\" data-element_type=\"widget\" data-e-type=\"widget\" data-widget_type=\"image.default\">\n\t\t\t\t<div class=\"elementor-widget-container\">\n\t\t\t\t\t\t\t\t\t\t\t\t\t\t\t<img loading=\"lazy\" decoding=\"async\" width=\"1920\" height=\"2560\" src=\"https:\/\/leo-berry.com\/wp-content\/uploads\/2025\/04\/IMG_7176.jpg\" class=\"attachment-full size-full wp-image-354\" alt=\"\" srcset=\"https:\/\/leo-berry.com\/wp-content\/uploads\/2025\/04\/IMG_7176.jpg 1920w, https:\/\/leo-berry.com\/wp-content\/uploads\/2025\/04\/IMG_7176-225x300.jpg 225w, https:\/\/leo-berry.com\/wp-content\/uploads\/2025\/04\/IMG_7176-768x1024.jpg 768w, https:\/\/leo-berry.com\/wp-content\/uploads\/2025\/04\/IMG_7176-1152x1536.jpg 1152w, https:\/\/leo-berry.com\/wp-content\/uploads\/2025\/04\/IMG_7176-1536x2048.jpg 1536w\" sizes=\"(max-width: 1920px) 100vw, 1920px\" \/>\t\t\t\t\t\t\t\t\t\t\t\t\t\t\t<\/div>\n\t\t\t\t<\/div>\n\t\t\t\t<div class=\"elementor-element elementor-element-ca2774f elementor-widget elementor-widget-image\" data-id=\"ca2774f\" data-element_type=\"widget\" data-e-type=\"widget\" data-widget_type=\"image.default\">\n\t\t\t\t<div class=\"elementor-widget-container\">\n\t\t\t\t\t\t\t\t\t\t\t\t\t\t\t<img loading=\"lazy\" decoding=\"async\" width=\"1920\" height=\"2560\" src=\"https:\/\/leo-berry.com\/wp-content\/uploads\/2025\/04\/IMG_0049.jpg\" class=\"attachment-full size-full wp-image-344\" alt=\"\" srcset=\"https:\/\/leo-berry.com\/wp-content\/uploads\/2025\/04\/IMG_0049.jpg 1920w, https:\/\/leo-berry.com\/wp-content\/uploads\/2025\/04\/IMG_0049-225x300.jpg 225w, https:\/\/leo-berry.com\/wp-content\/uploads\/2025\/04\/IMG_0049-768x1024.jpg 768w, https:\/\/leo-berry.com\/wp-content\/uploads\/2025\/04\/IMG_0049-1152x1536.jpg 1152w, https:\/\/leo-berry.com\/wp-content\/uploads\/2025\/04\/IMG_0049-1536x2048.jpg 1536w\" sizes=\"(max-width: 1920px) 100vw, 1920px\" \/>\t\t\t\t\t\t\t\t\t\t\t\t\t\t\t<\/div>\n\t\t\t\t<\/div>\n\t\t\t\t<div class=\"elementor-element elementor-element-c61971a elementor-widget elementor-widget-image\" data-id=\"c61971a\" data-element_type=\"widget\" data-e-type=\"widget\" data-widget_type=\"image.default\">\n\t\t\t\t<div class=\"elementor-widget-container\">\n\t\t\t\t\t\t\t\t\t\t\t\t\t\t\t<img loading=\"lazy\" decoding=\"async\" width=\"1920\" height=\"2560\" src=\"https:\/\/leo-berry.com\/wp-content\/uploads\/2025\/04\/IMG_5070.jpg\" class=\"attachment-full size-full wp-image-350\" alt=\"\" srcset=\"https:\/\/leo-berry.com\/wp-content\/uploads\/2025\/04\/IMG_5070.jpg 1920w, https:\/\/leo-berry.com\/wp-content\/uploads\/2025\/04\/IMG_5070-225x300.jpg 225w, https:\/\/leo-berry.com\/wp-content\/uploads\/2025\/04\/IMG_5070-768x1024.jpg 768w, https:\/\/leo-berry.com\/wp-content\/uploads\/2025\/04\/IMG_5070-1152x1536.jpg 1152w, https:\/\/leo-berry.com\/wp-content\/uploads\/2025\/04\/IMG_5070-1536x2048.jpg 1536w\" sizes=\"(max-width: 1920px) 100vw, 1920px\" \/>\t\t\t\t\t\t\t\t\t\t\t\t\t\t\t<\/div>\n\t\t\t\t<\/div>\n\t\t\t\t<div class=\"elementor-element elementor-element-70042a8 elementor-widget elementor-widget-image\" data-id=\"70042a8\" data-element_type=\"widget\" data-e-type=\"widget\" data-widget_type=\"image.default\">\n\t\t\t\t<div class=\"elementor-widget-container\">\n\t\t\t\t\t\t\t\t\t\t\t\t\t\t\t<img loading=\"lazy\" decoding=\"async\" width=\"1920\" height=\"2560\" src=\"https:\/\/leo-berry.com\/wp-content\/uploads\/2025\/04\/IMG_5069.jpg\" class=\"attachment-full size-full wp-image-349\" alt=\"\" srcset=\"https:\/\/leo-berry.com\/wp-content\/uploads\/2025\/04\/IMG_5069.jpg 1920w, https:\/\/leo-berry.com\/wp-content\/uploads\/2025\/04\/IMG_5069-225x300.jpg 225w, https:\/\/leo-berry.com\/wp-content\/uploads\/2025\/04\/IMG_5069-768x1024.jpg 768w, https:\/\/leo-berry.com\/wp-content\/uploads\/2025\/04\/IMG_5069-1152x1536.jpg 1152w, https:\/\/leo-berry.com\/wp-content\/uploads\/2025\/04\/IMG_5069-1536x2048.jpg 1536w\" sizes=\"(max-width: 1920px) 100vw, 1920px\" \/>\t\t\t\t\t\t\t\t\t\t\t\t\t\t\t<\/div>\n\t\t\t\t<\/div>\n\t\t\t\t<div class=\"elementor-element elementor-element-a912946 elementor-widget elementor-widget-image\" data-id=\"a912946\" data-element_type=\"widget\" data-e-type=\"widget\" data-widget_type=\"image.default\">\n\t\t\t\t<div class=\"elementor-widget-container\">\n\t\t\t\t\t\t\t\t\t\t\t\t\t\t\t<img loading=\"lazy\" decoding=\"async\" width=\"1920\" height=\"2560\" src=\"https:\/\/leo-berry.com\/wp-content\/uploads\/2025\/04\/IMG_6685.jpg\" class=\"attachment-full size-full wp-image-351\" alt=\"\" srcset=\"https:\/\/leo-berry.com\/wp-content\/uploads\/2025\/04\/IMG_6685.jpg 1920w, https:\/\/leo-berry.com\/wp-content\/uploads\/2025\/04\/IMG_6685-225x300.jpg 225w, https:\/\/leo-berry.com\/wp-content\/uploads\/2025\/04\/IMG_6685-768x1024.jpg 768w, https:\/\/leo-berry.com\/wp-content\/uploads\/2025\/04\/IMG_6685-1152x1536.jpg 1152w, https:\/\/leo-berry.com\/wp-content\/uploads\/2025\/04\/IMG_6685-1536x2048.jpg 1536w\" sizes=\"(max-width: 1920px) 100vw, 1920px\" \/>\t\t\t\t\t\t\t\t\t\t\t\t\t\t\t<\/div>\n\t\t\t\t<\/div>\n\t\t\t\t<div class=\"elementor-element elementor-element-a14034b elementor-widget elementor-widget-image\" data-id=\"a14034b\" data-element_type=\"widget\" data-e-type=\"widget\" data-widget_type=\"image.default\">\n\t\t\t\t<div class=\"elementor-widget-container\">\n\t\t\t\t\t\t\t\t\t\t\t\t\t\t\t<img loading=\"lazy\" decoding=\"async\" width=\"1920\" height=\"2560\" src=\"https:\/\/leo-berry.com\/wp-content\/uploads\/2025\/04\/IMG_6702.jpg\" class=\"attachment-full size-full wp-image-352\" alt=\"\" srcset=\"https:\/\/leo-berry.com\/wp-content\/uploads\/2025\/04\/IMG_6702.jpg 1920w, https:\/\/leo-berry.com\/wp-content\/uploads\/2025\/04\/IMG_6702-225x300.jpg 225w, https:\/\/leo-berry.com\/wp-content\/uploads\/2025\/04\/IMG_6702-768x1024.jpg 768w, https:\/\/leo-berry.com\/wp-content\/uploads\/2025\/04\/IMG_6702-1152x1536.jpg 1152w, https:\/\/leo-berry.com\/wp-content\/uploads\/2025\/04\/IMG_6702-1536x2048.jpg 1536w\" sizes=\"(max-width: 1920px) 100vw, 1920px\" \/>\t\t\t\t\t\t\t\t\t\t\t\t\t\t\t<\/div>\n\t\t\t\t<\/div>\n\t\t\t\t<div class=\"elementor-element elementor-element-321c1d1 elementor-widget elementor-widget-image\" data-id=\"321c1d1\" data-element_type=\"widget\" data-e-type=\"widget\" data-widget_type=\"image.default\">\n\t\t\t\t<div class=\"elementor-widget-container\">\n\t\t\t\t\t\t\t\t\t\t\t\t\t\t\t<img loading=\"lazy\" decoding=\"async\" width=\"1920\" height=\"2560\" src=\"https:\/\/leo-berry.com\/wp-content\/uploads\/2025\/04\/IMG_6792.jpg\" class=\"attachment-full size-full wp-image-353\" alt=\"\" srcset=\"https:\/\/leo-berry.com\/wp-content\/uploads\/2025\/04\/IMG_6792.jpg 1920w, https:\/\/leo-berry.com\/wp-content\/uploads\/2025\/04\/IMG_6792-225x300.jpg 225w, https:\/\/leo-berry.com\/wp-content\/uploads\/2025\/04\/IMG_6792-768x1024.jpg 768w, https:\/\/leo-berry.com\/wp-content\/uploads\/2025\/04\/IMG_6792-1152x1536.jpg 1152w, https:\/\/leo-berry.com\/wp-content\/uploads\/2025\/04\/IMG_6792-1536x2048.jpg 1536w\" sizes=\"(max-width: 1920px) 100vw, 1920px\" \/>\t\t\t\t\t\t\t\t\t\t\t\t\t\t\t<\/div>\n\t\t\t\t<\/div>\n\t\t\t\t<div class=\"elementor-element elementor-element-4f6e862 elementor-widget elementor-widget-image\" data-id=\"4f6e862\" data-element_type=\"widget\" data-e-type=\"widget\" data-widget_type=\"image.default\">\n\t\t\t\t<div class=\"elementor-widget-container\">\n\t\t\t\t\t\t\t\t\t\t\t\t\t\t\t<img loading=\"lazy\" decoding=\"async\" width=\"1920\" height=\"2560\" src=\"https:\/\/leo-berry.com\/wp-content\/uploads\/2025\/04\/IMG_0642.jpg\" class=\"attachment-full size-full wp-image-348\" alt=\"\" srcset=\"https:\/\/leo-berry.com\/wp-content\/uploads\/2025\/04\/IMG_0642.jpg 1920w, https:\/\/leo-berry.com\/wp-content\/uploads\/2025\/04\/IMG_0642-225x300.jpg 225w, https:\/\/leo-berry.com\/wp-content\/uploads\/2025\/04\/IMG_0642-768x1024.jpg 768w, https:\/\/leo-berry.com\/wp-content\/uploads\/2025\/04\/IMG_0642-1152x1536.jpg 1152w, https:\/\/leo-berry.com\/wp-content\/uploads\/2025\/04\/IMG_0642-1536x2048.jpg 1536w\" sizes=\"(max-width: 1920px) 100vw, 1920px\" \/>\t\t\t\t\t\t\t\t\t\t\t\t\t\t\t<\/div>\n\t\t\t\t<\/div>\n\t\t\t\t<div class=\"elementor-element elementor-element-206b4de elementor-widget elementor-widget-image\" data-id=\"206b4de\" data-element_type=\"widget\" data-e-type=\"widget\" data-widget_type=\"image.default\">\n\t\t\t\t<div class=\"elementor-widget-container\">\n\t\t\t\t\t\t\t\t\t\t\t\t\t\t\t<img loading=\"lazy\" decoding=\"async\" width=\"1920\" height=\"1440\" src=\"https:\/\/leo-berry.com\/wp-content\/uploads\/2025\/04\/IMG_5182.jpg\" class=\"attachment-full size-full wp-image-358\" alt=\"\" srcset=\"https:\/\/leo-berry.com\/wp-content\/uploads\/2025\/04\/IMG_5182.jpg 1920w, https:\/\/leo-berry.com\/wp-content\/uploads\/2025\/04\/IMG_5182-300x225.jpg 300w, https:\/\/leo-berry.com\/wp-content\/uploads\/2025\/04\/IMG_5182-1024x768.jpg 1024w, https:\/\/leo-berry.com\/wp-content\/uploads\/2025\/04\/IMG_5182-768x576.jpg 768w, https:\/\/leo-berry.com\/wp-content\/uploads\/2025\/04\/IMG_5182-1536x1152.jpg 1536w\" sizes=\"(max-width: 1920px) 100vw, 1920px\" \/>\t\t\t\t\t\t\t\t\t\t\t\t\t\t\t<\/div>\n\t\t\t\t<\/div>\n\t\t\t\t<div class=\"elementor-element elementor-element-369ff7a elementor-widget elementor-widget-image\" data-id=\"369ff7a\" data-element_type=\"widget\" data-e-type=\"widget\" data-widget_type=\"image.default\">\n\t\t\t\t<div class=\"elementor-widget-container\">\n\t\t\t\t\t\t\t\t\t\t\t\t\t\t\t<img loading=\"lazy\" decoding=\"async\" width=\"1920\" height=\"1440\" src=\"https:\/\/leo-berry.com\/wp-content\/uploads\/2025\/04\/IMG_5181.jpg\" class=\"attachment-full size-full wp-image-356\" alt=\"\" srcset=\"https:\/\/leo-berry.com\/wp-content\/uploads\/2025\/04\/IMG_5181.jpg 1920w, https:\/\/leo-berry.com\/wp-content\/uploads\/2025\/04\/IMG_5181-300x225.jpg 300w, https:\/\/leo-berry.com\/wp-content\/uploads\/2025\/04\/IMG_5181-1024x768.jpg 1024w, https:\/\/leo-berry.com\/wp-content\/uploads\/2025\/04\/IMG_5181-768x576.jpg 768w, https:\/\/leo-berry.com\/wp-content\/uploads\/2025\/04\/IMG_5181-1536x1152.jpg 1536w\" sizes=\"(max-width: 1920px) 100vw, 1920px\" \/>\t\t\t\t\t\t\t\t\t\t\t\t\t\t\t<\/div>\n\t\t\t\t<\/div>\n\t\t\t\t<div class=\"elementor-element elementor-element-fb697ad elementor-widget elementor-widget-image\" data-id=\"fb697ad\" data-element_type=\"widget\" data-e-type=\"widget\" data-widget_type=\"image.default\">\n\t\t\t\t<div class=\"elementor-widget-container\">\n\t\t\t\t\t\t\t\t\t\t\t\t\t\t\t<img loading=\"lazy\" decoding=\"async\" width=\"1920\" height=\"1440\" src=\"https:\/\/leo-berry.com\/wp-content\/uploads\/2025\/04\/IMG_5184.jpg\" class=\"attachment-full size-full wp-image-360\" alt=\"\" srcset=\"https:\/\/leo-berry.com\/wp-content\/uploads\/2025\/04\/IMG_5184.jpg 1920w, https:\/\/leo-berry.com\/wp-content\/uploads\/2025\/04\/IMG_5184-300x225.jpg 300w, https:\/\/leo-berry.com\/wp-content\/uploads\/2025\/04\/IMG_5184-1024x768.jpg 1024w, https:\/\/leo-berry.com\/wp-content\/uploads\/2025\/04\/IMG_5184-768x576.jpg 768w, https:\/\/leo-berry.com\/wp-content\/uploads\/2025\/04\/IMG_5184-1536x1152.jpg 1536w\" sizes=\"(max-width: 1920px) 100vw, 1920px\" \/>\t\t\t\t\t\t\t\t\t\t\t\t\t\t\t<\/div>\n\t\t\t\t<\/div>\n\t\t\t\t\t<\/div>\n\t\t\t\t<\/div>\n\t\t\t\t<\/div>","protected":false},"excerpt":{"rendered":"<p>exp\u00e9rimentations \u00a0 \u00a0Au fil de mes exp\u00e9riences professionnelles, j\u2019ai d\u00e9velopp\u00e9 une connaissance pratique du chantier en m\u2019impliquant dans diff\u00e9rents corps d\u2019\u00e9tat. J\u2019ai notamment travaill\u00e9 aux c\u00f4t\u00e9s de charpentiers, ma\u00e7ons, menuisiers, echafaudeur et n\u00e9gociateur mat\u00e9riaux, ce qui m\u2019a permis d\u2019acqu\u00e9rir des bases solides dans la mise en \u0153uvre, la lecture des contraintes techniques et le fonctionnement&hellip;&nbsp;<a href=\"https:\/\/leo-berry.com\/en\/experimentations\/\" rel=\"bookmark\">Read More &raquo;<span class=\"screen-reader-text\">Experiments<\/span><\/a><\/p>","protected":false},"author":2,"featured_media":0,"parent":0,"menu_order":0,"comment_status":"closed","ping_status":"closed","template":"page-templates\/template-pagebuilder-full-width.php","meta":{"neve_meta_sidebar":"","neve_meta_container":"","neve_meta_enable_content_width":"","neve_meta_content_width":0,"neve_meta_title_alignment":"","neve_meta_author_avatar":"","neve_post_elements_order":"","neve_meta_disable_header":"","neve_meta_disable_footer":"","neve_meta_disable_title":"","footnotes":""},"class_list":["post-334","page","type-page","status-publish","hentry"],"_links":{"self":[{"href":"https:\/\/leo-berry.com\/en\/wp-json\/wp\/v2\/pages\/334","targetHints":{"allow":["GET"]}}],"collection":[{"href":"https:\/\/leo-berry.com\/en\/wp-json\/wp\/v2\/pages"}],"about":[{"href":"https:\/\/leo-berry.com\/en\/wp-json\/wp\/v2\/types\/page"}],"author":[{"embeddable":true,"href":"https:\/\/leo-berry.com\/en\/wp-json\/wp\/v2\/users\/2"}],"replies":[{"embeddable":true,"href":"https:\/\/leo-berry.com\/en\/wp-json\/wp\/v2\/comments?post=334"}],"version-history":[{"count":13,"href":"https:\/\/leo-berry.com\/en\/wp-json\/wp\/v2\/pages\/334\/revisions"}],"predecessor-version":[{"id":823,"href":"https:\/\/leo-berry.com\/en\/wp-json\/wp\/v2\/pages\/334\/revisions\/823"}],"wp:attachment":[{"href":"https:\/\/leo-berry.com\/en\/wp-json\/wp\/v2\/media?parent=334"}],"curies":[{"name":"wp","href":"https:\/\/api.w.org\/{rel}","templated":true}]}}