{"id":744,"date":"2025-04-11T08:27:34","date_gmt":"2025-04-11T08:27:34","guid":{"rendered":"https:\/\/leo-berry.com\/?page_id=744"},"modified":"2025-04-11T08:30:49","modified_gmt":"2025-04-11T08:30:49","slug":"logement-ideal","status":"publish","type":"page","link":"https:\/\/leo-berry.com\/en\/logement-ideal\/","title":{"rendered":"Ideal accommodation"},"content":{"rendered":"<div data-elementor-type=\"wp-page\" data-elementor-id=\"744\" class=\"elementor elementor-744\">\n\t\t\t\t<div class=\"elementor-element elementor-element-0bd552f e-con-full e-flex e-con e-parent\" data-id=\"0bd552f\" data-element_type=\"container\" data-e-type=\"container\" data-settings=\"{&quot;background_background&quot;:&quot;classic&quot;}\">\n\t\t\t\t<div class=\"elementor-element elementor-element-7c9e770 elementor-widget elementor-widget-heading\" data-id=\"7c9e770\" data-element_type=\"widget\" data-e-type=\"widget\" data-widget_type=\"heading.default\">\n\t\t\t\t<div class=\"elementor-widget-container\">\n\t\t\t\t\t<h2 class=\"elementor-heading-title elementor-size-default\">ideal home<\/h2>\t\t\t\t<\/div>\n\t\t\t\t<\/div>\n\t\t\t\t<\/div>\n\t\t<div class=\"elementor-element elementor-element-2377ccf e-flex e-con-boxed e-con e-parent\" data-id=\"2377ccf\" data-element_type=\"container\" data-e-type=\"container\">\n\t\t\t\t\t<div class=\"e-con-inner\">\n\t\t<div class=\"elementor-element elementor-element-d04dd42 e-con-full e-flex e-con e-child\" data-id=\"d04dd42\" data-element_type=\"container\" data-e-type=\"container\">\n\t\t\t\t<div class=\"elementor-element elementor-element-9646a67 elementor-widget elementor-widget-image\" data-id=\"9646a67\" data-element_type=\"widget\" data-e-type=\"widget\" data-widget_type=\"image.default\">\n\t\t\t\t<div class=\"elementor-widget-container\">\n\t\t\t\t\t\t\t\t\t\t\t\t\t\t\t<img fetchpriority=\"high\" decoding=\"async\" width=\"1536\" height=\"2048\" src=\"https:\/\/leo-berry.com\/wp-content\/uploads\/2025\/04\/IMG_7295-1.jpeg\" class=\"attachment-full size-full wp-image-751\" alt=\"\" srcset=\"https:\/\/leo-berry.com\/wp-content\/uploads\/2025\/04\/IMG_7295-1.jpeg 1536w, https:\/\/leo-berry.com\/wp-content\/uploads\/2025\/04\/IMG_7295-1-225x300.jpeg 225w, https:\/\/leo-berry.com\/wp-content\/uploads\/2025\/04\/IMG_7295-1-768x1024.jpeg 768w, https:\/\/leo-berry.com\/wp-content\/uploads\/2025\/04\/IMG_7295-1-1152x1536.jpeg 1152w\" sizes=\"(max-width: 1536px) 100vw, 1536px\" \/>\t\t\t\t\t\t\t\t\t\t\t\t\t\t\t<\/div>\n\t\t\t\t<\/div>\n\t\t\t\t<\/div>\n\t\t<div class=\"elementor-element elementor-element-3269d13 e-con-full text-project e-flex e-con e-child\" data-id=\"3269d13\" data-element_type=\"container\" data-e-type=\"container\">\n\t\t\t\t<div class=\"elementor-element elementor-element-7418ecf elementor-widget elementor-widget-text-editor\" data-id=\"7418ecf\" data-element_type=\"widget\" data-e-type=\"widget\" data-widget_type=\"text-editor.default\">\n\t\t\t\t<div class=\"elementor-widget-container\">\n\t\t\t\t\t\t\t\t\t<p>\u00a0 \u00a0This project led us to question the programme itself, to redefine its meaning without relying on a site or a concrete situation. Re-questioning the programme in order to turn it into architecture, starting by questioning the fundamental needs of the body: to eat, to rest, to meet, to work, to meditate, to store...<\/p><p>Based on these elementary uses, I tried to imagine spatial forms linked to ambiences: how light, air, materials or even the framing of a view can contribute to creating places adapted to these everyday gestures. Without any contextual data, this work became an almost abstract, but very sensitive, exploration of what architectural space can be when it is conceived from the body, from experience, and not from a fixed programme.<\/p>\t\t\t\t\t\t\t\t<\/div>\n\t\t\t\t<\/div>\n\t\t\t\t<\/div>\n\t\t\t\t\t<\/div>\n\t\t\t\t<\/div>\n\t\t<div class=\"elementor-element elementor-element-87f4ea2 e-flex e-con-boxed e-con e-parent\" data-id=\"87f4ea2\" data-element_type=\"container\" data-e-type=\"container\">\n\t\t\t\t\t<div class=\"e-con-inner\">\n\t\t\t\t<div class=\"elementor-element elementor-element-e74c0c2 elementor-widget elementor-widget-image\" data-id=\"e74c0c2\" data-element_type=\"widget\" data-e-type=\"widget\" data-widget_type=\"image.default\">\n\t\t\t\t<div class=\"elementor-widget-container\">\n\t\t\t\t\t\t\t\t\t\t\t\t\t\t\t<img decoding=\"async\" width=\"6466\" height=\"8069\" src=\"https:\/\/leo-berry.com\/wp-content\/uploads\/2025\/04\/A1-Planche-rendu-final-1.50-Copie.jpg\" class=\"attachment-full size-full wp-image-747\" alt=\"\" \/>\t\t\t\t\t\t\t\t\t\t\t\t\t\t\t<\/div>\n\t\t\t\t<\/div>\n\t\t\t\t<div class=\"elementor-element elementor-element-f7e3504 elementor-widget elementor-widget-image\" data-id=\"f7e3504\" data-element_type=\"widget\" data-e-type=\"widget\" data-widget_type=\"image.default\">\n\t\t\t\t<div class=\"elementor-widget-container\">\n\t\t\t\t\t\t\t\t\t\t\t\t\t\t\t<img decoding=\"async\" width=\"1456\" height=\"2560\" src=\"https:\/\/leo-berry.com\/wp-content\/uploads\/2025\/04\/A1-Planche-rendu-final-1.50-scaled.jpg\" class=\"attachment-full size-full wp-image-748\" alt=\"\" srcset=\"https:\/\/leo-berry.com\/wp-content\/uploads\/2025\/04\/A1-Planche-rendu-final-1.50-scaled.jpg 1456w, https:\/\/leo-berry.com\/wp-content\/uploads\/2025\/04\/A1-Planche-rendu-final-1.50-171x300.jpg 171w, https:\/\/leo-berry.com\/wp-content\/uploads\/2025\/04\/A1-Planche-rendu-final-1.50-582x1024.jpg 582w, https:\/\/leo-berry.com\/wp-content\/uploads\/2025\/04\/A1-Planche-rendu-final-1.50-768x1351.jpg 768w, https:\/\/leo-berry.com\/wp-content\/uploads\/2025\/04\/A1-Planche-rendu-final-1.50-873x1536.jpg 873w, https:\/\/leo-berry.com\/wp-content\/uploads\/2025\/04\/A1-Planche-rendu-final-1.50-1164x2048.jpg 1164w\" sizes=\"(max-width: 1456px) 100vw, 1456px\" \/>\t\t\t\t\t\t\t\t\t\t\t\t\t\t\t<\/div>\n\t\t\t\t<\/div>\n\t\t\t\t<div class=\"elementor-element elementor-element-b6ae2dc elementor-widget elementor-widget-image\" data-id=\"b6ae2dc\" data-element_type=\"widget\" data-e-type=\"widget\" data-widget_type=\"image.default\">\n\t\t\t\t<div class=\"elementor-widget-container\">\n\t\t\t\t\t\t\t\t\t\t\t\t\t\t\t<img loading=\"lazy\" decoding=\"async\" width=\"2560\" height=\"551\" src=\"https:\/\/leo-berry.com\/wp-content\/uploads\/2025\/04\/Drapeaux-scaled.jpg\" class=\"attachment-full size-full wp-image-749\" alt=\"\" srcset=\"https:\/\/leo-berry.com\/wp-content\/uploads\/2025\/04\/Drapeaux-scaled.jpg 2560w, https:\/\/leo-berry.com\/wp-content\/uploads\/2025\/04\/Drapeaux-300x65.jpg 300w, https:\/\/leo-berry.com\/wp-content\/uploads\/2025\/04\/Drapeaux-1024x220.jpg 1024w, https:\/\/leo-berry.com\/wp-content\/uploads\/2025\/04\/Drapeaux-768x165.jpg 768w, https:\/\/leo-berry.com\/wp-content\/uploads\/2025\/04\/Drapeaux-1536x331.jpg 1536w, https:\/\/leo-berry.com\/wp-content\/uploads\/2025\/04\/Drapeaux-2048x441.jpg 2048w\" sizes=\"(max-width: 2560px) 100vw, 2560px\" \/>\t\t\t\t\t\t\t\t\t\t\t\t\t\t\t<\/div>\n\t\t\t\t<\/div>\n\t\t\t\t<div class=\"elementor-element elementor-element-104ef9b elementor-widget elementor-widget-image\" data-id=\"104ef9b\" data-element_type=\"widget\" data-e-type=\"widget\" data-widget_type=\"image.default\">\n\t\t\t\t<div class=\"elementor-widget-container\">\n\t\t\t\t\t\t\t\t\t\t\t\t\t\t\t<img loading=\"lazy\" decoding=\"async\" width=\"2560\" height=\"837\" src=\"https:\/\/leo-berry.com\/wp-content\/uploads\/2025\/04\/A1-Planche-rendu-final-1.50-Copie-Copie-1-scaled.jpg\" class=\"attachment-full size-full wp-image-746\" alt=\"\" srcset=\"https:\/\/leo-berry.com\/wp-content\/uploads\/2025\/04\/A1-Planche-rendu-final-1.50-Copie-Copie-1-scaled.jpg 2560w, https:\/\/leo-berry.com\/wp-content\/uploads\/2025\/04\/A1-Planche-rendu-final-1.50-Copie-Copie-1-300x98.jpg 300w, https:\/\/leo-berry.com\/wp-content\/uploads\/2025\/04\/A1-Planche-rendu-final-1.50-Copie-Copie-1-1024x335.jpg 1024w, https:\/\/leo-berry.com\/wp-content\/uploads\/2025\/04\/A1-Planche-rendu-final-1.50-Copie-Copie-1-768x251.jpg 768w, https:\/\/leo-berry.com\/wp-content\/uploads\/2025\/04\/A1-Planche-rendu-final-1.50-Copie-Copie-1-1536x502.jpg 1536w, https:\/\/leo-berry.com\/wp-content\/uploads\/2025\/04\/A1-Planche-rendu-final-1.50-Copie-Copie-1-2048x669.jpg 2048w\" sizes=\"(max-width: 2560px) 100vw, 2560px\" \/>\t\t\t\t\t\t\t\t\t\t\t\t\t\t\t<\/div>\n\t\t\t\t<\/div>\n\t\t\t\t<div class=\"elementor-element elementor-element-a58480f elementor-widget elementor-widget-image\" data-id=\"a58480f\" data-element_type=\"widget\" data-e-type=\"widget\" data-widget_type=\"image.default\">\n\t\t\t\t<div class=\"elementor-widget-container\">\n\t\t\t\t\t\t\t\t\t\t\t\t\t\t\t<img loading=\"lazy\" decoding=\"async\" width=\"1536\" height=\"2048\" src=\"https:\/\/leo-berry.com\/wp-content\/uploads\/2025\/04\/IMG_7300-1.jpeg\" class=\"attachment-full size-full wp-image-752\" alt=\"\" srcset=\"https:\/\/leo-berry.com\/wp-content\/uploads\/2025\/04\/IMG_7300-1.jpeg 1536w, https:\/\/leo-berry.com\/wp-content\/uploads\/2025\/04\/IMG_7300-1-225x300.jpeg 225w, https:\/\/leo-berry.com\/wp-content\/uploads\/2025\/04\/IMG_7300-1-768x1024.jpeg 768w, https:\/\/leo-berry.com\/wp-content\/uploads\/2025\/04\/IMG_7300-1-1152x1536.jpeg 1152w\" sizes=\"(max-width: 1536px) 100vw, 1536px\" \/>\t\t\t\t\t\t\t\t\t\t\t\t\t\t\t<\/div>\n\t\t\t\t<\/div>\n\t\t\t\t<div class=\"elementor-element elementor-element-b047139 elementor-widget elementor-widget-image\" data-id=\"b047139\" data-element_type=\"widget\" data-e-type=\"widget\" data-widget_type=\"image.default\">\n\t\t\t\t<div class=\"elementor-widget-container\">\n\t\t\t\t\t\t\t\t\t\t\t\t\t\t\t<img loading=\"lazy\" decoding=\"async\" width=\"1536\" height=\"2048\" src=\"https:\/\/leo-berry.com\/wp-content\/uploads\/2025\/04\/IMG_7293.jpeg\" class=\"attachment-full size-full wp-image-750\" alt=\"\" srcset=\"https:\/\/leo-berry.com\/wp-content\/uploads\/2025\/04\/IMG_7293.jpeg 1536w, https:\/\/leo-berry.com\/wp-content\/uploads\/2025\/04\/IMG_7293-225x300.jpeg 225w, https:\/\/leo-berry.com\/wp-content\/uploads\/2025\/04\/IMG_7293-768x1024.jpeg 768w, https:\/\/leo-berry.com\/wp-content\/uploads\/2025\/04\/IMG_7293-1152x1536.jpeg 1152w\" sizes=\"(max-width: 1536px) 100vw, 1536px\" \/>\t\t\t\t\t\t\t\t\t\t\t\t\t\t\t<\/div>\n\t\t\t\t<\/div>\n\t\t\t\t\t<\/div>\n\t\t\t\t<\/div>\n\t\t\t\t<\/div>","protected":false},"excerpt":{"rendered":"<p>logement id\u00e9al \u00a0 \u00a0Ce projet nous a pouss\u00e9s \u00e0 questionner le programme lui-m\u00eame, \u00e0 en red\u00e9finir le sens sans nous appuyer sur un site ou une situation concr\u00e8te. Re-questionner le programme pour en faire de l\u2019architecture, commencer par interroger les besoins fondamentaux du corps : manger, se reposer, se r\u00e9unir, travailler, m\u00e9diter, stocker&#8230; \u00c0 partir&hellip;&nbsp;<a href=\"https:\/\/leo-berry.com\/en\/logement-ideal\/\" rel=\"bookmark\">Read More &raquo;<span class=\"screen-reader-text\">Ideal accommodation<\/span><\/a><\/p>","protected":false},"author":2,"featured_media":0,"parent":0,"menu_order":0,"comment_status":"closed","ping_status":"closed","template":"page-templates\/template-pagebuilder-full-width.php","meta":{"neve_meta_sidebar":"","neve_meta_container":"","neve_meta_enable_content_width":"","neve_meta_content_width":0,"neve_meta_title_alignment":"","neve_meta_author_avatar":"","neve_post_elements_order":"","neve_meta_disable_header":"","neve_meta_disable_footer":"","neve_meta_disable_title":"","footnotes":""},"class_list":["post-744","page","type-page","status-publish","hentry"],"_links":{"self":[{"href":"https:\/\/leo-berry.com\/en\/wp-json\/wp\/v2\/pages\/744","targetHints":{"allow":["GET"]}}],"collection":[{"href":"https:\/\/leo-berry.com\/en\/wp-json\/wp\/v2\/pages"}],"about":[{"href":"https:\/\/leo-berry.com\/en\/wp-json\/wp\/v2\/types\/page"}],"author":[{"embeddable":true,"href":"https:\/\/leo-berry.com\/en\/wp-json\/wp\/v2\/users\/2"}],"replies":[{"embeddable":true,"href":"https:\/\/leo-berry.com\/en\/wp-json\/wp\/v2\/comments?post=744"}],"version-history":[{"count":4,"href":"https:\/\/leo-berry.com\/en\/wp-json\/wp\/v2\/pages\/744\/revisions"}],"predecessor-version":[{"id":755,"href":"https:\/\/leo-berry.com\/en\/wp-json\/wp\/v2\/pages\/744\/revisions\/755"}],"wp:attachment":[{"href":"https:\/\/leo-berry.com\/en\/wp-json\/wp\/v2\/media?parent=744"}],"curies":[{"name":"wp","href":"https:\/\/api.w.org\/{rel}","templated":true}]}}