{"id":756,"date":"2025-04-11T08:37:29","date_gmt":"2025-04-11T08:37:29","guid":{"rendered":"https:\/\/leo-berry.com\/?page_id=756"},"modified":"2025-04-11T08:43:09","modified_gmt":"2025-04-11T08:43:09","slug":"composer-avec-le-lieu","status":"publish","type":"page","link":"https:\/\/leo-berry.com\/en\/composer-avec-le-lieu\/","title":{"rendered":"Working with the site"},"content":{"rendered":"<div data-elementor-type=\"wp-page\" data-elementor-id=\"756\" class=\"elementor elementor-756\">\n\t\t\t\t<div class=\"elementor-element elementor-element-0bd552f e-con-full e-flex e-con e-parent\" data-id=\"0bd552f\" data-element_type=\"container\" data-e-type=\"container\" data-settings=\"{&quot;background_background&quot;:&quot;classic&quot;}\">\n\t\t\t\t<div class=\"elementor-element elementor-element-7c9e770 elementor-widget elementor-widget-heading\" data-id=\"7c9e770\" data-element_type=\"widget\" data-e-type=\"widget\" data-widget_type=\"heading.default\">\n\t\t\t\t<div class=\"elementor-widget-container\">\n\t\t\t\t\t<h2 class=\"elementor-heading-title elementor-size-default\">Working with the site<\/h2>\t\t\t\t<\/div>\n\t\t\t\t<\/div>\n\t\t\t\t<\/div>\n\t\t<div class=\"elementor-element elementor-element-2377ccf e-flex e-con-boxed e-con e-parent\" data-id=\"2377ccf\" data-element_type=\"container\" data-e-type=\"container\">\n\t\t\t\t\t<div class=\"e-con-inner\">\n\t\t<div class=\"elementor-element elementor-element-d04dd42 e-con-full e-flex e-con e-child\" data-id=\"d04dd42\" data-element_type=\"container\" data-e-type=\"container\">\n\t\t\t\t<div class=\"elementor-element elementor-element-9646a67 elementor-widget elementor-widget-image\" data-id=\"9646a67\" data-element_type=\"widget\" data-e-type=\"widget\" data-widget_type=\"image.default\">\n\t\t\t\t<div class=\"elementor-widget-container\">\n\t\t\t\t\t\t\t\t\t\t\t\t\t\t\t<img fetchpriority=\"high\" decoding=\"async\" width=\"1920\" height=\"2282\" src=\"https:\/\/leo-berry.com\/wp-content\/uploads\/2025\/04\/Recouper-2.png\" class=\"attachment-full size-full wp-image-765\" alt=\"\" srcset=\"https:\/\/leo-berry.com\/wp-content\/uploads\/2025\/04\/Recouper-2.png 1920w, https:\/\/leo-berry.com\/wp-content\/uploads\/2025\/04\/Recouper-2-252x300.png 252w, https:\/\/leo-berry.com\/wp-content\/uploads\/2025\/04\/Recouper-2-862x1024.png 862w, https:\/\/leo-berry.com\/wp-content\/uploads\/2025\/04\/Recouper-2-768x913.png 768w, https:\/\/leo-berry.com\/wp-content\/uploads\/2025\/04\/Recouper-2-1292x1536.png 1292w, https:\/\/leo-berry.com\/wp-content\/uploads\/2025\/04\/Recouper-2-1723x2048.png 1723w\" sizes=\"(max-width: 1920px) 100vw, 1920px\" \/>\t\t\t\t\t\t\t\t\t\t\t\t\t\t\t<\/div>\n\t\t\t\t<\/div>\n\t\t\t\t<\/div>\n\t\t<div class=\"elementor-element elementor-element-3269d13 e-con-full text-project e-flex e-con e-child\" data-id=\"3269d13\" data-element_type=\"container\" data-e-type=\"container\">\n\t\t\t\t<div class=\"elementor-element elementor-element-7418ecf elementor-widget elementor-widget-text-editor\" data-id=\"7418ecf\" data-element_type=\"widget\" data-e-type=\"widget\" data-widget_type=\"text-editor.default\">\n\t\t\t\t<div class=\"elementor-widget-container\">\n\t\t\t\t\t\t\t\t\t<p>\u00a0 \u00a0This project grew out of a constant dialogue between architectural form and site. This exercise has led us to question deformations, scales and materials in order to design sensitive spaces that are both for the body and for use. Each gesture adjusts to the structure of the space, its materials, rhythms and social practices. The aim was not to freeze an image, but to test a way of making architecture, seeking a balance between contextual anchoring and freedom of design.<\/p>\t\t\t\t\t\t\t\t<\/div>\n\t\t\t\t<\/div>\n\t\t\t\t<\/div>\n\t\t\t\t\t<\/div>\n\t\t\t\t<\/div>\n\t\t<div class=\"elementor-element elementor-element-87f4ea2 e-flex e-con-boxed e-con e-parent\" data-id=\"87f4ea2\" data-element_type=\"container\" data-e-type=\"container\">\n\t\t\t\t\t<div class=\"e-con-inner\">\n\t\t\t\t<div class=\"elementor-element elementor-element-e74c0c2 elementor-widget elementor-widget-image\" data-id=\"e74c0c2\" data-element_type=\"widget\" data-e-type=\"widget\" data-widget_type=\"image.default\">\n\t\t\t\t<div class=\"elementor-widget-container\">\n\t\t\t\t\t\t\t\t\t\t\t\t\t\t\t<img decoding=\"async\" width=\"1811\" height=\"2560\" src=\"https:\/\/leo-berry.com\/wp-content\/uploads\/2025\/04\/S622-BERRY-Projet-Final_Page_2-scaled.jpg\" class=\"attachment-full size-full wp-image-764\" alt=\"\" srcset=\"https:\/\/leo-berry.com\/wp-content\/uploads\/2025\/04\/S622-BERRY-Projet-Final_Page_2-scaled.jpg 1811w, https:\/\/leo-berry.com\/wp-content\/uploads\/2025\/04\/S622-BERRY-Projet-Final_Page_2-212x300.jpg 212w, https:\/\/leo-berry.com\/wp-content\/uploads\/2025\/04\/S622-BERRY-Projet-Final_Page_2-724x1024.jpg 724w, https:\/\/leo-berry.com\/wp-content\/uploads\/2025\/04\/S622-BERRY-Projet-Final_Page_2-768x1086.jpg 768w, https:\/\/leo-berry.com\/wp-content\/uploads\/2025\/04\/S622-BERRY-Projet-Final_Page_2-1087x1536.jpg 1087w, https:\/\/leo-berry.com\/wp-content\/uploads\/2025\/04\/S622-BERRY-Projet-Final_Page_2-1449x2048.jpg 1449w\" sizes=\"(max-width: 1811px) 100vw, 1811px\" \/>\t\t\t\t\t\t\t\t\t\t\t\t\t\t\t<\/div>\n\t\t\t\t<\/div>\n\t\t\t\t<div class=\"elementor-element elementor-element-f7e3504 elementor-widget elementor-widget-image\" data-id=\"f7e3504\" data-element_type=\"widget\" data-e-type=\"widget\" data-widget_type=\"image.default\">\n\t\t\t\t<div class=\"elementor-widget-container\">\n\t\t\t\t\t\t\t\t\t\t\t\t\t\t\t<img decoding=\"async\" width=\"1811\" height=\"2560\" src=\"https:\/\/leo-berry.com\/wp-content\/uploads\/2025\/04\/S622-BERRY-Projet-Final_Page_3-scaled.jpg\" class=\"attachment-full size-full wp-image-763\" alt=\"\" srcset=\"https:\/\/leo-berry.com\/wp-content\/uploads\/2025\/04\/S622-BERRY-Projet-Final_Page_3-scaled.jpg 1811w, https:\/\/leo-berry.com\/wp-content\/uploads\/2025\/04\/S622-BERRY-Projet-Final_Page_3-212x300.jpg 212w, https:\/\/leo-berry.com\/wp-content\/uploads\/2025\/04\/S622-BERRY-Projet-Final_Page_3-724x1024.jpg 724w, https:\/\/leo-berry.com\/wp-content\/uploads\/2025\/04\/S622-BERRY-Projet-Final_Page_3-768x1086.jpg 768w, https:\/\/leo-berry.com\/wp-content\/uploads\/2025\/04\/S622-BERRY-Projet-Final_Page_3-1087x1536.jpg 1087w, https:\/\/leo-berry.com\/wp-content\/uploads\/2025\/04\/S622-BERRY-Projet-Final_Page_3-1449x2048.jpg 1449w\" sizes=\"(max-width: 1811px) 100vw, 1811px\" \/>\t\t\t\t\t\t\t\t\t\t\t\t\t\t\t<\/div>\n\t\t\t\t<\/div>\n\t\t\t\t<div class=\"elementor-element elementor-element-b6ae2dc elementor-widget elementor-widget-image\" data-id=\"b6ae2dc\" data-element_type=\"widget\" data-e-type=\"widget\" data-widget_type=\"image.default\">\n\t\t\t\t<div class=\"elementor-widget-container\">\n\t\t\t\t\t\t\t\t\t\t\t\t\t\t\t<img loading=\"lazy\" decoding=\"async\" width=\"1811\" height=\"2560\" src=\"https:\/\/leo-berry.com\/wp-content\/uploads\/2025\/04\/S622-BERRY-Projet-Final_Page_4-scaled.jpg\" class=\"attachment-full size-full wp-image-762\" alt=\"\" srcset=\"https:\/\/leo-berry.com\/wp-content\/uploads\/2025\/04\/S622-BERRY-Projet-Final_Page_4-scaled.jpg 1811w, https:\/\/leo-berry.com\/wp-content\/uploads\/2025\/04\/S622-BERRY-Projet-Final_Page_4-212x300.jpg 212w, https:\/\/leo-berry.com\/wp-content\/uploads\/2025\/04\/S622-BERRY-Projet-Final_Page_4-724x1024.jpg 724w, https:\/\/leo-berry.com\/wp-content\/uploads\/2025\/04\/S622-BERRY-Projet-Final_Page_4-768x1086.jpg 768w, https:\/\/leo-berry.com\/wp-content\/uploads\/2025\/04\/S622-BERRY-Projet-Final_Page_4-1087x1536.jpg 1087w, https:\/\/leo-berry.com\/wp-content\/uploads\/2025\/04\/S622-BERRY-Projet-Final_Page_4-1449x2048.jpg 1449w\" sizes=\"(max-width: 1811px) 100vw, 1811px\" \/>\t\t\t\t\t\t\t\t\t\t\t\t\t\t\t<\/div>\n\t\t\t\t<\/div>\n\t\t\t\t<div class=\"elementor-element elementor-element-104ef9b elementor-widget elementor-widget-image\" data-id=\"104ef9b\" data-element_type=\"widget\" data-e-type=\"widget\" data-widget_type=\"image.default\">\n\t\t\t\t<div class=\"elementor-widget-container\">\n\t\t\t\t\t\t\t\t\t\t\t\t\t\t\t<img loading=\"lazy\" decoding=\"async\" width=\"1811\" height=\"2560\" src=\"https:\/\/leo-berry.com\/wp-content\/uploads\/2025\/04\/S622-BERRY-Projet-Final_Page_5-scaled.jpg\" class=\"attachment-full size-full wp-image-761\" alt=\"\" srcset=\"https:\/\/leo-berry.com\/wp-content\/uploads\/2025\/04\/S622-BERRY-Projet-Final_Page_5-scaled.jpg 1811w, https:\/\/leo-berry.com\/wp-content\/uploads\/2025\/04\/S622-BERRY-Projet-Final_Page_5-212x300.jpg 212w, https:\/\/leo-berry.com\/wp-content\/uploads\/2025\/04\/S622-BERRY-Projet-Final_Page_5-724x1024.jpg 724w, https:\/\/leo-berry.com\/wp-content\/uploads\/2025\/04\/S622-BERRY-Projet-Final_Page_5-768x1086.jpg 768w, https:\/\/leo-berry.com\/wp-content\/uploads\/2025\/04\/S622-BERRY-Projet-Final_Page_5-1087x1536.jpg 1087w, https:\/\/leo-berry.com\/wp-content\/uploads\/2025\/04\/S622-BERRY-Projet-Final_Page_5-1449x2048.jpg 1449w\" sizes=\"(max-width: 1811px) 100vw, 1811px\" \/>\t\t\t\t\t\t\t\t\t\t\t\t\t\t\t<\/div>\n\t\t\t\t<\/div>\n\t\t\t\t<div class=\"elementor-element elementor-element-a58480f elementor-widget elementor-widget-image\" data-id=\"a58480f\" data-element_type=\"widget\" data-e-type=\"widget\" data-widget_type=\"image.default\">\n\t\t\t\t<div class=\"elementor-widget-container\">\n\t\t\t\t\t\t\t\t\t\t\t\t\t\t\t<img loading=\"lazy\" decoding=\"async\" width=\"1811\" height=\"2560\" src=\"https:\/\/leo-berry.com\/wp-content\/uploads\/2025\/04\/S622-BERRY-Projet-Final_Page_6-scaled.jpg\" class=\"attachment-full size-full wp-image-760\" alt=\"\" srcset=\"https:\/\/leo-berry.com\/wp-content\/uploads\/2025\/04\/S622-BERRY-Projet-Final_Page_6-scaled.jpg 1811w, https:\/\/leo-berry.com\/wp-content\/uploads\/2025\/04\/S622-BERRY-Projet-Final_Page_6-212x300.jpg 212w, https:\/\/leo-berry.com\/wp-content\/uploads\/2025\/04\/S622-BERRY-Projet-Final_Page_6-724x1024.jpg 724w, https:\/\/leo-berry.com\/wp-content\/uploads\/2025\/04\/S622-BERRY-Projet-Final_Page_6-768x1086.jpg 768w, https:\/\/leo-berry.com\/wp-content\/uploads\/2025\/04\/S622-BERRY-Projet-Final_Page_6-1087x1536.jpg 1087w, https:\/\/leo-berry.com\/wp-content\/uploads\/2025\/04\/S622-BERRY-Projet-Final_Page_6-1449x2048.jpg 1449w\" sizes=\"(max-width: 1811px) 100vw, 1811px\" \/>\t\t\t\t\t\t\t\t\t\t\t\t\t\t\t<\/div>\n\t\t\t\t<\/div>\n\t\t\t\t<div class=\"elementor-element elementor-element-b047139 elementor-widget elementor-widget-image\" data-id=\"b047139\" data-element_type=\"widget\" data-e-type=\"widget\" data-widget_type=\"image.default\">\n\t\t\t\t<div class=\"elementor-widget-container\">\n\t\t\t\t\t\t\t\t\t\t\t\t\t\t\t<img loading=\"lazy\" decoding=\"async\" width=\"1811\" height=\"2560\" src=\"https:\/\/leo-berry.com\/wp-content\/uploads\/2025\/04\/S622-BERRY-Projet-Final_Page_7-scaled.jpg\" class=\"attachment-full size-full wp-image-759\" alt=\"\" srcset=\"https:\/\/leo-berry.com\/wp-content\/uploads\/2025\/04\/S622-BERRY-Projet-Final_Page_7-scaled.jpg 1811w, https:\/\/leo-berry.com\/wp-content\/uploads\/2025\/04\/S622-BERRY-Projet-Final_Page_7-212x300.jpg 212w, https:\/\/leo-berry.com\/wp-content\/uploads\/2025\/04\/S622-BERRY-Projet-Final_Page_7-724x1024.jpg 724w, https:\/\/leo-berry.com\/wp-content\/uploads\/2025\/04\/S622-BERRY-Projet-Final_Page_7-768x1086.jpg 768w, https:\/\/leo-berry.com\/wp-content\/uploads\/2025\/04\/S622-BERRY-Projet-Final_Page_7-1087x1536.jpg 1087w, https:\/\/leo-berry.com\/wp-content\/uploads\/2025\/04\/S622-BERRY-Projet-Final_Page_7-1449x2048.jpg 1449w\" sizes=\"(max-width: 1811px) 100vw, 1811px\" \/>\t\t\t\t\t\t\t\t\t\t\t\t\t\t\t<\/div>\n\t\t\t\t<\/div>\n\t\t\t\t<div class=\"elementor-element elementor-element-67cc425 elementor-widget elementor-widget-image\" data-id=\"67cc425\" data-element_type=\"widget\" data-e-type=\"widget\" data-widget_type=\"image.default\">\n\t\t\t\t<div class=\"elementor-widget-container\">\n\t\t\t\t\t\t\t\t\t\t\t\t\t\t\t<img loading=\"lazy\" decoding=\"async\" width=\"1811\" height=\"2560\" src=\"https:\/\/leo-berry.com\/wp-content\/uploads\/2025\/04\/S622-BERRY-Projet-Final_Page_8-scaled.jpg\" class=\"attachment-full size-full wp-image-758\" alt=\"\" srcset=\"https:\/\/leo-berry.com\/wp-content\/uploads\/2025\/04\/S622-BERRY-Projet-Final_Page_8-scaled.jpg 1811w, https:\/\/leo-berry.com\/wp-content\/uploads\/2025\/04\/S622-BERRY-Projet-Final_Page_8-212x300.jpg 212w, https:\/\/leo-berry.com\/wp-content\/uploads\/2025\/04\/S622-BERRY-Projet-Final_Page_8-724x1024.jpg 724w, https:\/\/leo-berry.com\/wp-content\/uploads\/2025\/04\/S622-BERRY-Projet-Final_Page_8-768x1086.jpg 768w, https:\/\/leo-berry.com\/wp-content\/uploads\/2025\/04\/S622-BERRY-Projet-Final_Page_8-1087x1536.jpg 1087w, https:\/\/leo-berry.com\/wp-content\/uploads\/2025\/04\/S622-BERRY-Projet-Final_Page_8-1449x2048.jpg 1449w\" sizes=\"(max-width: 1811px) 100vw, 1811px\" \/>\t\t\t\t\t\t\t\t\t\t\t\t\t\t\t<\/div>\n\t\t\t\t<\/div>\n\t\t\t\t\t<\/div>\n\t\t\t\t<\/div>\n\t\t\t\t<\/div>","protected":false},"excerpt":{"rendered":"<p>Composer avec le lieu \u00a0 \u00a0Ce projet est n\u00e9 d\u2019un dialogue constant entre la forme architecturale et le site. L\u2019exercice nous a amen\u00e9s \u00e0 questionner les d\u00e9formations, les \u00e9chelles et les mat\u00e9rialit\u00e9s pour concevoir des espaces sensibles, pens\u00e9s \u00e0 la fois pour le corps et pour l\u2019usage. Chaque geste s\u2019ajuste \u00e0 la structure du lieu,&hellip;&nbsp;<a href=\"https:\/\/leo-berry.com\/en\/composer-avec-le-lieu\/\" rel=\"bookmark\">Read More &raquo;<span class=\"screen-reader-text\">Working with the site<\/span><\/a><\/p>","protected":false},"author":2,"featured_media":0,"parent":0,"menu_order":0,"comment_status":"closed","ping_status":"closed","template":"page-templates\/template-pagebuilder-full-width.php","meta":{"neve_meta_sidebar":"","neve_meta_container":"","neve_meta_enable_content_width":"","neve_meta_content_width":0,"neve_meta_title_alignment":"","neve_meta_author_avatar":"","neve_post_elements_order":"","neve_meta_disable_header":"","neve_meta_disable_footer":"","neve_meta_disable_title":"","footnotes":""},"class_list":["post-756","page","type-page","status-publish","hentry"],"_links":{"self":[{"href":"https:\/\/leo-berry.com\/en\/wp-json\/wp\/v2\/pages\/756","targetHints":{"allow":["GET"]}}],"collection":[{"href":"https:\/\/leo-berry.com\/en\/wp-json\/wp\/v2\/pages"}],"about":[{"href":"https:\/\/leo-berry.com\/en\/wp-json\/wp\/v2\/types\/page"}],"author":[{"embeddable":true,"href":"https:\/\/leo-berry.com\/en\/wp-json\/wp\/v2\/users\/2"}],"replies":[{"embeddable":true,"href":"https:\/\/leo-berry.com\/en\/wp-json\/wp\/v2\/comments?post=756"}],"version-history":[{"count":7,"href":"https:\/\/leo-berry.com\/en\/wp-json\/wp\/v2\/pages\/756\/revisions"}],"predecessor-version":[{"id":771,"href":"https:\/\/leo-berry.com\/en\/wp-json\/wp\/v2\/pages\/756\/revisions\/771"}],"wp:attachment":[{"href":"https:\/\/leo-berry.com\/en\/wp-json\/wp\/v2\/media?parent=756"}],"curies":[{"name":"wp","href":"https:\/\/api.w.org\/{rel}","templated":true}]}}