{"id":772,"date":"2025-04-11T08:44:26","date_gmt":"2025-04-11T08:44:26","guid":{"rendered":"https:\/\/leo-berry.com\/?page_id=772"},"modified":"2025-04-11T08:47:18","modified_gmt":"2025-04-11T08:47:18","slug":"pavillon-daccueil","status":"publish","type":"page","link":"https:\/\/leo-berry.com\/en\/pavillon-daccueil\/","title":{"rendered":"Pavillon d&rsquo;accueil"},"content":{"rendered":"<div data-elementor-type=\"wp-page\" data-elementor-id=\"772\" class=\"elementor elementor-772\">\n\t\t\t\t<div class=\"elementor-element elementor-element-0bd552f e-con-full e-flex e-con e-parent\" data-id=\"0bd552f\" data-element_type=\"container\" data-e-type=\"container\" data-settings=\"{&quot;background_background&quot;:&quot;classic&quot;}\">\n\t\t\t\t<div class=\"elementor-element elementor-element-7c9e770 elementor-widget elementor-widget-heading\" data-id=\"7c9e770\" data-element_type=\"widget\" data-e-type=\"widget\" data-widget_type=\"heading.default\">\n\t\t\t\t<div class=\"elementor-widget-container\">\n\t\t\t\t\t<h2 class=\"elementor-heading-title elementor-size-default\">reception pavilion <\/h2>\t\t\t\t<\/div>\n\t\t\t\t<\/div>\n\t\t\t\t<\/div>\n\t\t<div class=\"elementor-element elementor-element-2377ccf e-flex e-con-boxed e-con e-parent\" data-id=\"2377ccf\" data-element_type=\"container\" data-e-type=\"container\">\n\t\t\t\t\t<div class=\"e-con-inner\">\n\t\t<div class=\"elementor-element elementor-element-d04dd42 e-con-full e-flex e-con e-child\" data-id=\"d04dd42\" data-element_type=\"container\" data-e-type=\"container\">\n\t\t\t\t<div class=\"elementor-element elementor-element-9646a67 elementor-widget elementor-widget-image\" data-id=\"9646a67\" data-element_type=\"widget\" data-e-type=\"widget\" data-widget_type=\"image.default\">\n\t\t\t\t<div class=\"elementor-widget-container\">\n\t\t\t\t\t\t\t\t\t\t\t\t\t\t\t<img fetchpriority=\"high\" decoding=\"async\" width=\"1920\" height=\"1357\" src=\"https:\/\/leo-berry.com\/wp-content\/uploads\/2025\/04\/pavillons-coupe2_.jpg\" class=\"attachment-full size-full wp-image-776\" alt=\"\" srcset=\"https:\/\/leo-berry.com\/wp-content\/uploads\/2025\/04\/pavillons-coupe2_.jpg 1920w, https:\/\/leo-berry.com\/wp-content\/uploads\/2025\/04\/pavillons-coupe2_-300x212.jpg 300w, https:\/\/leo-berry.com\/wp-content\/uploads\/2025\/04\/pavillons-coupe2_-1024x724.jpg 1024w, https:\/\/leo-berry.com\/wp-content\/uploads\/2025\/04\/pavillons-coupe2_-768x543.jpg 768w, https:\/\/leo-berry.com\/wp-content\/uploads\/2025\/04\/pavillons-coupe2_-1536x1086.jpg 1536w\" sizes=\"(max-width: 1920px) 100vw, 1920px\" \/>\t\t\t\t\t\t\t\t\t\t\t\t\t\t\t<\/div>\n\t\t\t\t<\/div>\n\t\t\t\t<\/div>\n\t\t<div class=\"elementor-element elementor-element-3269d13 e-con-full text-project e-flex e-con e-child\" data-id=\"3269d13\" data-element_type=\"container\" data-e-type=\"container\">\n\t\t\t\t<div class=\"elementor-element elementor-element-7418ecf elementor-widget elementor-widget-text-editor\" data-id=\"7418ecf\" data-element_type=\"widget\" data-e-type=\"widget\" data-widget_type=\"text-editor.default\">\n\t\t\t\t<div class=\"elementor-widget-container\">\n\t\t\t\t\t\t\t\t\t<p>\u00a0 Ce projet a \u00e9t\u00e9 l\u2019occasion d\u2019explorer de mani\u00e8re concr\u00e8te les notions d\u2019int\u00e9gration au site, de seuil et de transition, \u00e0 travers la conception d\u2019un petit espace d\u2019accueil situ\u00e9 en lisi\u00e8re d\u2019un paysage rural. L\u2019enjeu \u00e9tait de penser un lieu discret, presque silencieux, qui dialogue avec son environnement tout en marquant une limite claire entre espace public et espace intime.<\/p><p>Ce travail m\u2019a aussi permis d\u2019aborder les principes fondamentaux de la construction en pierre de taille, en comprenant les logiques structurelles, les contraintes de mise en \u0153uvre et la mat\u00e9rialit\u00e9 sp\u00e9cifique de ce mat\u00e9riau. Au-del\u00e0 de la technique, il s\u2019agissait de ressentir comment un simple mur ou une ouverture devient un geste d\u2019architecture, porteur d\u2019usages et d\u2019\u00e9motions.<\/p>\t\t\t\t\t\t\t\t<\/div>\n\t\t\t\t<\/div>\n\t\t\t\t<\/div>\n\t\t\t\t\t<\/div>\n\t\t\t\t<\/div>\n\t\t<div class=\"elementor-element elementor-element-87f4ea2 e-flex e-con-boxed e-con e-parent\" data-id=\"87f4ea2\" data-element_type=\"container\" data-e-type=\"container\">\n\t\t\t\t\t<div class=\"e-con-inner\">\n\t\t\t\t<div class=\"elementor-element elementor-element-e74c0c2 elementor-widget elementor-widget-image\" data-id=\"e74c0c2\" data-element_type=\"widget\" data-e-type=\"widget\" data-widget_type=\"image.default\">\n\t\t\t\t<div class=\"elementor-widget-container\">\n\t\t\t\t\t\t\t\t\t\t\t\t\t\t\t<img decoding=\"async\" width=\"1809\" height=\"2560\" src=\"https:\/\/leo-berry.com\/wp-content\/uploads\/2025\/04\/Axo-Eclatee-2A0-1-scaled.jpg\" class=\"attachment-full size-full wp-image-775\" alt=\"\" srcset=\"https:\/\/leo-berry.com\/wp-content\/uploads\/2025\/04\/Axo-Eclatee-2A0-1-scaled.jpg 1809w, https:\/\/leo-berry.com\/wp-content\/uploads\/2025\/04\/Axo-Eclatee-2A0-1-212x300.jpg 212w, https:\/\/leo-berry.com\/wp-content\/uploads\/2025\/04\/Axo-Eclatee-2A0-1-724x1024.jpg 724w, https:\/\/leo-berry.com\/wp-content\/uploads\/2025\/04\/Axo-Eclatee-2A0-1-768x1087.jpg 768w, https:\/\/leo-berry.com\/wp-content\/uploads\/2025\/04\/Axo-Eclatee-2A0-1-1085x1536.jpg 1085w, https:\/\/leo-berry.com\/wp-content\/uploads\/2025\/04\/Axo-Eclatee-2A0-1-1447x2048.jpg 1447w\" sizes=\"(max-width: 1809px) 100vw, 1809px\" \/>\t\t\t\t\t\t\t\t\t\t\t\t\t\t\t<\/div>\n\t\t\t\t<\/div>\n\t\t\t\t<div class=\"elementor-element elementor-element-f7e3504 elementor-widget elementor-widget-image\" data-id=\"f7e3504\" data-element_type=\"widget\" data-e-type=\"widget\" data-widget_type=\"image.default\">\n\t\t\t\t<div class=\"elementor-widget-container\">\n\t\t\t\t\t\t\t\t\t\t\t\t\t\t\t<img decoding=\"async\" width=\"1920\" height=\"1358\" src=\"https:\/\/leo-berry.com\/wp-content\/uploads\/2025\/04\/Axo-A0-1.100-1.jpg\" class=\"attachment-full size-full wp-image-774\" alt=\"\" srcset=\"https:\/\/leo-berry.com\/wp-content\/uploads\/2025\/04\/Axo-A0-1.100-1.jpg 1920w, https:\/\/leo-berry.com\/wp-content\/uploads\/2025\/04\/Axo-A0-1.100-1-300x212.jpg 300w, https:\/\/leo-berry.com\/wp-content\/uploads\/2025\/04\/Axo-A0-1.100-1-1024x724.jpg 1024w, https:\/\/leo-berry.com\/wp-content\/uploads\/2025\/04\/Axo-A0-1.100-1-768x543.jpg 768w, https:\/\/leo-berry.com\/wp-content\/uploads\/2025\/04\/Axo-A0-1.100-1-1536x1086.jpg 1536w\" sizes=\"(max-width: 1920px) 100vw, 1920px\" \/>\t\t\t\t\t\t\t\t\t\t\t\t\t\t\t<\/div>\n\t\t\t\t<\/div>\n\t\t\t\t\t<\/div>\n\t\t\t\t<\/div>\n\t\t\t\t<\/div>","protected":false},"excerpt":{"rendered":"<p>pavillon d&rsquo;accueil \u00a0 Ce projet a \u00e9t\u00e9 l\u2019occasion d\u2019explorer de mani\u00e8re concr\u00e8te les notions d\u2019int\u00e9gration au site, de seuil et de transition, \u00e0 travers la conception d\u2019un petit espace d\u2019accueil situ\u00e9 en lisi\u00e8re d\u2019un paysage rural. L\u2019enjeu \u00e9tait de penser un lieu discret, presque silencieux, qui dialogue avec son environnement tout en marquant une limite&hellip;&nbsp;<a href=\"https:\/\/leo-berry.com\/en\/pavillon-daccueil\/\" rel=\"bookmark\">Read More &raquo;<span class=\"screen-reader-text\">Pavillon d&rsquo;accueil<\/span><\/a><\/p>","protected":false},"author":2,"featured_media":0,"parent":0,"menu_order":0,"comment_status":"closed","ping_status":"closed","template":"page-templates\/template-pagebuilder-full-width.php","meta":{"neve_meta_sidebar":"","neve_meta_container":"","neve_meta_enable_content_width":"","neve_meta_content_width":0,"neve_meta_title_alignment":"","neve_meta_author_avatar":"","neve_post_elements_order":"","neve_meta_disable_header":"","neve_meta_disable_footer":"","neve_meta_disable_title":"","footnotes":""},"class_list":["post-772","page","type-page","status-publish","hentry"],"_links":{"self":[{"href":"https:\/\/leo-berry.com\/en\/wp-json\/wp\/v2\/pages\/772","targetHints":{"allow":["GET"]}}],"collection":[{"href":"https:\/\/leo-berry.com\/en\/wp-json\/wp\/v2\/pages"}],"about":[{"href":"https:\/\/leo-berry.com\/en\/wp-json\/wp\/v2\/types\/page"}],"author":[{"embeddable":true,"href":"https:\/\/leo-berry.com\/en\/wp-json\/wp\/v2\/users\/2"}],"replies":[{"embeddable":true,"href":"https:\/\/leo-berry.com\/en\/wp-json\/wp\/v2\/comments?post=772"}],"version-history":[{"count":4,"href":"https:\/\/leo-berry.com\/en\/wp-json\/wp\/v2\/pages\/772\/revisions"}],"predecessor-version":[{"id":779,"href":"https:\/\/leo-berry.com\/en\/wp-json\/wp\/v2\/pages\/772\/revisions\/779"}],"wp:attachment":[{"href":"https:\/\/leo-berry.com\/en\/wp-json\/wp\/v2\/media?parent=772"}],"curies":[{"name":"wp","href":"https:\/\/api.w.org\/{rel}","templated":true}]}}