{"id":780,"date":"2025-04-11T08:48:04","date_gmt":"2025-04-11T08:48:04","guid":{"rendered":"https:\/\/leo-berry.com\/?page_id=780"},"modified":"2025-04-11T08:49:07","modified_gmt":"2025-04-11T08:49:07","slug":"balade-urbaine","status":"publish","type":"page","link":"https:\/\/leo-berry.com\/en\/balade-urbaine\/","title":{"rendered":"Urban walk"},"content":{"rendered":"<div data-elementor-type=\"wp-page\" data-elementor-id=\"780\" class=\"elementor elementor-780\">\n\t\t\t\t<div class=\"elementor-element elementor-element-0bd552f e-con-full e-flex e-con e-parent\" data-id=\"0bd552f\" data-element_type=\"container\" data-e-type=\"container\" data-settings=\"{&quot;background_background&quot;:&quot;classic&quot;}\">\n\t\t\t\t<div class=\"elementor-element elementor-element-7c9e770 elementor-widget elementor-widget-heading\" data-id=\"7c9e770\" data-element_type=\"widget\" data-e-type=\"widget\" data-widget_type=\"heading.default\">\n\t\t\t\t<div class=\"elementor-widget-container\">\n\t\t\t\t\t<h2 class=\"elementor-heading-title elementor-size-default\">urban walk<\/h2>\t\t\t\t<\/div>\n\t\t\t\t<\/div>\n\t\t\t\t<\/div>\n\t\t<div class=\"elementor-element elementor-element-2377ccf e-flex e-con-boxed e-con e-parent\" data-id=\"2377ccf\" data-element_type=\"container\" data-e-type=\"container\">\n\t\t\t\t\t<div class=\"e-con-inner\">\n\t\t<div class=\"elementor-element elementor-element-d04dd42 e-con-full e-flex e-con e-child\" data-id=\"d04dd42\" data-element_type=\"container\" data-e-type=\"container\">\n\t\t\t\t<div class=\"elementor-element elementor-element-9646a67 elementor-widget elementor-widget-image\" data-id=\"9646a67\" data-element_type=\"widget\" data-e-type=\"widget\" data-widget_type=\"image.default\">\n\t\t\t\t<div class=\"elementor-widget-container\">\n\t\t\t\t\t\t\t\t\t\t\t\t\t\t\t<img fetchpriority=\"high\" decoding=\"async\" width=\"2560\" height=\"1047\" src=\"https:\/\/leo-berry.com\/wp-content\/uploads\/2025\/04\/Drepaux-1-scaled.jpg\" class=\"attachment-full size-full wp-image-783\" alt=\"\" srcset=\"https:\/\/leo-berry.com\/wp-content\/uploads\/2025\/04\/Drepaux-1-scaled.jpg 2560w, https:\/\/leo-berry.com\/wp-content\/uploads\/2025\/04\/Drepaux-1-300x123.jpg 300w, https:\/\/leo-berry.com\/wp-content\/uploads\/2025\/04\/Drepaux-1-1024x419.jpg 1024w, https:\/\/leo-berry.com\/wp-content\/uploads\/2025\/04\/Drepaux-1-768x314.jpg 768w, https:\/\/leo-berry.com\/wp-content\/uploads\/2025\/04\/Drepaux-1-1536x628.jpg 1536w, https:\/\/leo-berry.com\/wp-content\/uploads\/2025\/04\/Drepaux-1-2048x838.jpg 2048w\" sizes=\"(max-width: 2560px) 100vw, 2560px\" \/>\t\t\t\t\t\t\t\t\t\t\t\t\t\t\t<\/div>\n\t\t\t\t<\/div>\n\t\t\t\t<\/div>\n\t\t<div class=\"elementor-element elementor-element-3269d13 e-con-full text-project e-flex e-con e-child\" data-id=\"3269d13\" data-element_type=\"container\" data-e-type=\"container\">\n\t\t\t\t<div class=\"elementor-element elementor-element-7418ecf elementor-widget elementor-widget-text-editor\" data-id=\"7418ecf\" data-element_type=\"widget\" data-e-type=\"widget\" data-widget_type=\"text-editor.default\">\n\t\t\t\t<div class=\"elementor-widget-container\">\n\t\t\t\t\t\t\t\t\t<p>\u00a0 \u00a0Through this survey work, the aim was to grasp the mechanisms of composition of a city, not as a simple assembly of forms, but as a living fabric made up of ruptures and continuities. By exploring the scale of the area by hand, the aim was to reveal the invisible links between the inhabitant and the inhabited, and to create a sensitive, interactive itinerary capable of expressing both the urban fractures and the bridges they create.<\/p>\t\t\t\t\t\t\t\t<\/div>\n\t\t\t\t<\/div>\n\t\t\t\t<\/div>\n\t\t\t\t\t<\/div>\n\t\t\t\t<\/div>\n\t\t<div class=\"elementor-element elementor-element-87f4ea2 e-flex e-con-boxed e-con e-parent\" data-id=\"87f4ea2\" data-element_type=\"container\" data-e-type=\"container\">\n\t\t\t\t\t<div class=\"e-con-inner\">\n\t\t\t\t<div class=\"elementor-element elementor-element-e74c0c2 elementor-widget elementor-widget-image\" data-id=\"e74c0c2\" data-element_type=\"widget\" data-e-type=\"widget\" data-widget_type=\"image.default\">\n\t\t\t\t<div class=\"elementor-widget-container\">\n\t\t\t\t\t\t\t\t\t\t\t\t\t\t\t<img decoding=\"async\" width=\"11896\" height=\"17496\" src=\"https:\/\/leo-berry.com\/wp-content\/uploads\/2025\/04\/scan076.jpg\" class=\"attachment-full size-full wp-image-782\" alt=\"\" \/>\t\t\t\t\t\t\t\t\t\t\t\t\t\t\t<\/div>\n\t\t\t\t<\/div>\n\t\t\t\t\t<\/div>\n\t\t\t\t<\/div>\n\t\t\t\t<\/div>","protected":false},"excerpt":{"rendered":"<p>balade urbaine \u00a0 \u00a0\u00c0 travers ce travail de relev\u00e9, la volont\u00e9 \u00e9tait de saisir les m\u00e9canismes de composition d\u2019une ville, non pas comme un simple assemblage de formes, mais comme un tissu vivant fait de ruptures et de continuit\u00e9s. En explorant manuellement l\u2019\u00e9chelle du territoire, il s\u2019agissait de r\u00e9v\u00e9ler les liens invisibles entre l\u2019habitant et&hellip;&nbsp;<a href=\"https:\/\/leo-berry.com\/en\/balade-urbaine\/\" rel=\"bookmark\">Read More &raquo;<span class=\"screen-reader-text\">Urban walk<\/span><\/a><\/p>","protected":false},"author":2,"featured_media":0,"parent":0,"menu_order":0,"comment_status":"closed","ping_status":"closed","template":"page-templates\/template-pagebuilder-full-width.php","meta":{"neve_meta_sidebar":"","neve_meta_container":"","neve_meta_enable_content_width":"","neve_meta_content_width":0,"neve_meta_title_alignment":"","neve_meta_author_avatar":"","neve_post_elements_order":"","neve_meta_disable_header":"","neve_meta_disable_footer":"","neve_meta_disable_title":"","footnotes":""},"class_list":["post-780","page","type-page","status-publish","hentry"],"_links":{"self":[{"href":"https:\/\/leo-berry.com\/en\/wp-json\/wp\/v2\/pages\/780","targetHints":{"allow":["GET"]}}],"collection":[{"href":"https:\/\/leo-berry.com\/en\/wp-json\/wp\/v2\/pages"}],"about":[{"href":"https:\/\/leo-berry.com\/en\/wp-json\/wp\/v2\/types\/page"}],"author":[{"embeddable":true,"href":"https:\/\/leo-berry.com\/en\/wp-json\/wp\/v2\/users\/2"}],"replies":[{"embeddable":true,"href":"https:\/\/leo-berry.com\/en\/wp-json\/wp\/v2\/comments?post=780"}],"version-history":[{"count":7,"href":"https:\/\/leo-berry.com\/en\/wp-json\/wp\/v2\/pages\/780\/revisions"}],"predecessor-version":[{"id":789,"href":"https:\/\/leo-berry.com\/en\/wp-json\/wp\/v2\/pages\/780\/revisions\/789"}],"wp:attachment":[{"href":"https:\/\/leo-berry.com\/en\/wp-json\/wp\/v2\/media?parent=780"}],"curies":[{"name":"wp","href":"https:\/\/api.w.org\/{rel}","templated":true}]}}